{"id":118,"date":"2025-11-04T13:33:33","date_gmt":"2025-11-04T10:33:33","guid":{"rendered":"https:\/\/rhodamine.artikaravan.com\/?page_id=118"},"modified":"2025-12-19T10:55:52","modified_gmt":"2025-12-19T07:55:52","slug":"tintas-offset","status":"publish","type":"page","link":"https:\/\/rhodamine.com.tr\/esp\/tintas-offset\/","title":{"rendered":"Tintas Offset"},"content":{"rendered":"<section class=\"l-section wpb_row height_auto width_full\"><div class=\"l-section-h i-cf\"><div class=\"g-cols vc_row via_grid cols_1 laptops-cols_inherit tablets-cols_inherit mobiles-cols_1 valign_top type_default stacking_default\"><div class=\"wpb_column vc_column_container\"><div class=\"vc_column-inner\"><div class=\"w-image has_ratio align_none\"><div class=\"w-image-h\"><div style=\"padding-bottom:31.0345%\"><\/div><img loading=\"lazy\" decoding=\"async\" width=\"1270\" height=\"400\" src=\"https:\/\/rhodamine.com.tr\/esp\/wp-content\/uploads\/2025\/11\/ofsetgorsel.jpg\" class=\"attachment-full size-full\" alt=\"\" srcset=\"https:\/\/rhodamine.com.tr\/esp\/wp-content\/uploads\/2025\/11\/ofsetgorsel.jpg 1270w, https:\/\/rhodamine.com.tr\/esp\/wp-content\/uploads\/2025\/11\/ofsetgorsel-300x94.jpg 300w, https:\/\/rhodamine.com.tr\/esp\/wp-content\/uploads\/2025\/11\/ofsetgorsel-1024x323.jpg 1024w\" sizes=\"auto, (max-width: 1270px) 100vw, 1270px\" \/><\/div><\/div><\/div><\/div><\/div><\/div><\/section><section class=\"l-section wpb_row height_medium\"><div class=\"l-section-h i-cf\"><div class=\"g-cols vc_row via_grid cols_1 laptops-cols_inherit tablets-cols_inherit mobiles-cols_1 valign_top type_default stacking_default\"><div class=\"wpb_column vc_column_container\"><div class=\"vc_column-inner\"><div class=\"wpb_text_column\"><div class=\"wpb_wrapper\"><h1><strong>Tintas Offset \u2013 Seguras y de Alto Rendimiento<\/strong><\/h1>\n<p>En Rhodamine Chemical Inc., ofrecemos una gama completa de tintas offset dise\u00f1adas para una calidad de impresi\u00f3n premium, confort del operario y seguridad en envases alimentarios.<\/p>\n<ol>\n<li><strong> Tintas Offset Convencionales<\/strong><\/li>\n<\/ol>\n<p>\u2022 <strong>Bajo Olor &amp; Baja Migraci\u00f3n<\/strong>: ideales para aplicaciones en envases alimentarios, asegurando la seguridad del producto<br \/>\u2022 <strong>Alta Calidad de Impresi\u00f3n<\/strong>: colores n\u00edtidos y vibrantes con excelente consistencia<br \/>\u2022 <strong>Rendimiento Confiable<\/strong>: aplicaci\u00f3n uniforme en diversos sustratos para producci\u00f3n eficiente<br \/>\u2022 <strong>Cumple ISO 2846<\/strong>: garantiza reproducci\u00f3n de color de alta calidad y desempe\u00f1o conforme a los est\u00e1ndares de la industria<br \/><em>(Por favor, contacte al equipo para las series de tintas correspondientes)<\/em><\/p>\n<ol start=\"2\">\n<li><strong> Tintas Offset UV Curables<\/strong><\/li>\n<\/ol>\n<p>\u2022 <strong>Curado R\u00e1pido &amp; Duradero<\/strong>: cura ultra r\u00e1pido bajo luz UV para producci\u00f3n de alta velocidad<br \/>\u2022 <strong>Cumple ISO 2846<\/strong>: proporciona calidad de color constante y fiabilidad para trabajos de impresi\u00f3n exigentes<br \/><em>(Por favor, contacte al equipo para las series de tintas correspondientes)<\/em><\/p>\n<p><strong>Por Qu\u00e9 Elegir las Tintas Offset Rhodamine<\/strong><\/p>\n<p>\u2022 Calidad premium, salida de color consistente<br \/>\u2022 Seguras para aplicaciones sensibles como envases alimentarios<br \/>\u2022 Optimizadas tanto para procesos offset convencionales como UV<\/p>\n<p><strong>Experimente la Diferencia Rhodamine<\/strong><\/p>\n<p>Rendimiento. Precisi\u00f3n. Cumplimiento.<\/p>\n<p>Descubra la diferencia que un sistema de tinta perfectamente formulado puede hacer en su l\u00ednea de producci\u00f3n.<\/p>\n<p>\ud83d\udce9 <a href=\"https:\/\/rhodamine.com.tr\/esp\/formulario-de-contacto\">Contacte a nuestro equipo t\u00e9cnico<\/a> para discutir el sistema m\u00e1s adecuado para su prensa y estructura de envase.<\/p>\n<\/div><\/div><\/div><\/div><\/div><\/div><\/section>\n","protected":false},"excerpt":{"rendered":"Tintas Offset \u2013 Seguras y de Alto Rendimiento En Rhodamine Chemical Inc., ofrecemos una gama completa de tintas offset dise\u00f1adas para una calidad de impresi\u00f3n premium, confort del operario y seguridad en envases alimentarios. Tintas Offset Convencionales \u2022 Bajo Olor &amp; Baja Migraci\u00f3n: ideales para aplicaciones en envases alimentarios, asegurando la seguridad del producto\u2022 Alta...","protected":false},"author":1,"featured_media":0,"parent":0,"menu_order":0,"comment_status":"closed","ping_status":"closed","template":"","meta":{"footnotes":""},"class_list":["post-118","page","type-page","status-publish","hentry"],"_links":{"self":[{"href":"https:\/\/rhodamine.com.tr\/esp\/wp-json\/wp\/v2\/pages\/118","targetHints":{"allow":["GET"]}}],"collection":[{"href":"https:\/\/rhodamine.com.tr\/esp\/wp-json\/wp\/v2\/pages"}],"about":[{"href":"https:\/\/rhodamine.com.tr\/esp\/wp-json\/wp\/v2\/types\/page"}],"author":[{"embeddable":true,"href":"https:\/\/rhodamine.com.tr\/esp\/wp-json\/wp\/v2\/users\/1"}],"replies":[{"embeddable":true,"href":"https:\/\/rhodamine.com.tr\/esp\/wp-json\/wp\/v2\/comments?post=118"}],"version-history":[{"count":8,"href":"https:\/\/rhodamine.com.tr\/esp\/wp-json\/wp\/v2\/pages\/118\/revisions"}],"predecessor-version":[{"id":430,"href":"https:\/\/rhodamine.com.tr\/esp\/wp-json\/wp\/v2\/pages\/118\/revisions\/430"}],"wp:attachment":[{"href":"https:\/\/rhodamine.com.tr\/esp\/wp-json\/wp\/v2\/media?parent=118"}],"curies":[{"name":"wp","href":"https:\/\/api.w.org\/{rel}","templated":true}]}}