{"id":124,"date":"2025-11-04T13:35:49","date_gmt":"2025-11-04T10:35:49","guid":{"rendered":"https:\/\/rhodamine.artikaravan.com\/?page_id=124"},"modified":"2025-12-19T10:52:21","modified_gmt":"2025-12-19T07:52:21","slug":"cola-para-carton-corrugado","status":"publish","type":"page","link":"https:\/\/rhodamine.com.tr\/esp\/cola-para-carton-corrugado\/","title":{"rendered":"Cola para Cart\u00f3n Corrugado"},"content":{"rendered":"<section class=\"l-section wpb_row height_auto width_full\"><div class=\"l-section-h i-cf\"><div class=\"g-cols vc_row via_grid cols_1 laptops-cols_inherit tablets-cols_inherit mobiles-cols_1 valign_top type_default stacking_default\"><div class=\"wpb_column vc_column_container\"><div class=\"vc_column-inner\"><div class=\"w-image has_ratio align_none\"><div class=\"w-image-h\"><div style=\"padding-bottom:31.0345%\"><\/div><img loading=\"lazy\" decoding=\"async\" width=\"1920\" height=\"725\" src=\"https:\/\/rhodamine.com.tr\/esp\/wp-content\/uploads\/2025\/12\/corrugated.jpg\" class=\"attachment-full size-full\" alt=\"\" srcset=\"https:\/\/rhodamine.com.tr\/esp\/wp-content\/uploads\/2025\/12\/corrugated.jpg 1920w, https:\/\/rhodamine.com.tr\/esp\/wp-content\/uploads\/2025\/12\/corrugated-300x113.jpg 300w, https:\/\/rhodamine.com.tr\/esp\/wp-content\/uploads\/2025\/12\/corrugated-1024x387.jpg 1024w\" sizes=\"auto, (max-width: 1920px) 100vw, 1920px\" \/><\/div><\/div><\/div><\/div><\/div><\/div><\/section><section class=\"l-section wpb_row height_medium\"><div class=\"l-section-h i-cf\"><div class=\"g-cols vc_row via_grid cols_1 laptops-cols_inherit tablets-cols_inherit mobiles-cols_1 valign_top type_default stacking_default\"><div class=\"wpb_column vc_column_container\"><div class=\"vc_column-inner\"><div class=\"wpb_text_column\"><div class=\"wpb_wrapper\"><h1><strong>DO-PLY \u2013 Adhesivo Listo para Usar para Cart\u00f3n Ondulado<\/strong><\/h1>\n<p>R\u00e1pido. Limpio. Fiable.<\/p>\n<p>Di adi\u00f3s a la cocci\u00f3n, el calentamiento y la preparaci\u00f3n complicada. DO-PLY se mezcla f\u00e1cilmente en agua fr\u00eda o a temperatura ambiente, proporcion\u00e1ndote un adhesivo listo para usar en minutos.<\/p>\n<p><strong>\u00bfPor Qu\u00e9 DO-PLY?<\/strong><\/p>\n<p><strong>\u2022 Preparaci\u00f3n instant\u00e1nea<\/strong> \u2013 sin qu\u00edmicos, sin complicaciones.<br \/>\u2022 <strong>Adhesi\u00f3n fuerte<\/strong> \u2013 perfecto para cart\u00f3n ondulado simple, doble o triple.<br \/>\u2022 <strong>Seguro y ecol\u00f3gico<\/strong> \u2013 inodoro, no t\u00f3xico y biodegradable.<br \/>\u2022 <strong>Alta eficiencia<\/strong> \u2013 dise\u00f1ado para corrugadoras de alta velocidad, ahorrando tiempo y energ\u00eda.<\/p>\n<p>Simplifica tu producci\u00f3n, aumenta la eficiencia y asegura un pegado confiable con DO-PLY. Es la soluci\u00f3n lista para usar que hace que tu proceso de corrugado sea m\u00e1s fluido, seguro y r\u00e1pido.<\/p>\n<p>\ud83d\udce9 <a href=\"https:\/\/rhodamine.com.tr\/esp\/formulario-de-contacto\">Contacta con nosotros<\/a> para solicitar una muestra o ver c\u00f3mo DO-PLY puede transformar tu producci\u00f3n de cart\u00f3n ondulado.<\/p>\n<\/div><\/div><\/div><\/div><\/div><\/div><\/section>\n","protected":false},"excerpt":{"rendered":"DO-PLY \u2013 Adhesivo Listo para Usar para Cart\u00f3n Ondulado R\u00e1pido. Limpio. Fiable. Di adi\u00f3s a la cocci\u00f3n, el calentamiento y la preparaci\u00f3n complicada. DO-PLY se mezcla f\u00e1cilmente en agua fr\u00eda o a temperatura ambiente, proporcion\u00e1ndote un adhesivo listo para usar en minutos. \u00bfPor Qu\u00e9 DO-PLY? \u2022 Preparaci\u00f3n instant\u00e1nea \u2013 sin qu\u00edmicos, sin complicaciones.\u2022 Adhesi\u00f3n fuerte...","protected":false},"author":1,"featured_media":0,"parent":0,"menu_order":0,"comment_status":"closed","ping_status":"closed","template":"","meta":{"footnotes":""},"class_list":["post-124","page","type-page","status-publish","hentry"],"_links":{"self":[{"href":"https:\/\/rhodamine.com.tr\/esp\/wp-json\/wp\/v2\/pages\/124","targetHints":{"allow":["GET"]}}],"collection":[{"href":"https:\/\/rhodamine.com.tr\/esp\/wp-json\/wp\/v2\/pages"}],"about":[{"href":"https:\/\/rhodamine.com.tr\/esp\/wp-json\/wp\/v2\/types\/page"}],"author":[{"embeddable":true,"href":"https:\/\/rhodamine.com.tr\/esp\/wp-json\/wp\/v2\/users\/1"}],"replies":[{"embeddable":true,"href":"https:\/\/rhodamine.com.tr\/esp\/wp-json\/wp\/v2\/comments?post=124"}],"version-history":[{"count":9,"href":"https:\/\/rhodamine.com.tr\/esp\/wp-json\/wp\/v2\/pages\/124\/revisions"}],"predecessor-version":[{"id":425,"href":"https:\/\/rhodamine.com.tr\/esp\/wp-json\/wp\/v2\/pages\/124\/revisions\/425"}],"wp:attachment":[{"href":"https:\/\/rhodamine.com.tr\/esp\/wp-json\/wp\/v2\/media?parent=124"}],"curies":[{"name":"wp","href":"https:\/\/api.w.org\/{rel}","templated":true}]}}