{"id":126,"date":"2025-11-04T13:37:16","date_gmt":"2025-11-04T10:37:16","guid":{"rendered":"https:\/\/rhodamine.artikaravan.com\/?page_id=126"},"modified":"2025-12-19T11:10:54","modified_gmt":"2025-12-19T08:10:54","slug":"plastisol","status":"publish","type":"page","link":"https:\/\/rhodamine.com.tr\/esp\/plastisol\/","title":{"rendered":"Plastisol"},"content":{"rendered":"<section class=\"l-section wpb_row height_auto width_full\"><div class=\"l-section-h i-cf\"><div class=\"g-cols vc_row via_grid cols_1 laptops-cols_inherit tablets-cols_inherit mobiles-cols_1 valign_top type_default stacking_default\"><div class=\"wpb_column vc_column_container\"><div class=\"vc_column-inner\"><div class=\"w-image has_ratio align_none\"><div class=\"w-image-h\"><div style=\"padding-bottom:31.0345%\"><\/div><img loading=\"lazy\" decoding=\"async\" width=\"1270\" height=\"400\" src=\"https:\/\/rhodamine.com.tr\/esp\/wp-content\/uploads\/2025\/11\/rhodamine2.jpg\" class=\"attachment-full size-full\" alt=\"\" srcset=\"https:\/\/rhodamine.com.tr\/esp\/wp-content\/uploads\/2025\/11\/rhodamine2.jpg 1270w, https:\/\/rhodamine.com.tr\/esp\/wp-content\/uploads\/2025\/11\/rhodamine2-300x94.jpg 300w, https:\/\/rhodamine.com.tr\/esp\/wp-content\/uploads\/2025\/11\/rhodamine2-1024x323.jpg 1024w\" sizes=\"auto, (max-width: 1270px) 100vw, 1270px\" \/><\/div><\/div><\/div><\/div><\/div><\/div><\/section><section class=\"l-section wpb_row height_medium\"><div class=\"l-section-h i-cf\"><div class=\"g-cols vc_row via_grid cols_1 laptops-cols_inherit tablets-cols_inherit mobiles-cols_1 valign_top type_default stacking_default\"><div class=\"wpb_column vc_column_container\"><div class=\"vc_column-inner\"><div class=\"wpb_text_column\"><div class=\"wpb_wrapper\"><h1><strong>Tintas Plastisol para Textiles \u2013 Sin Ftalatos &amp; Alto Rendimiento<\/strong><\/h1>\n<p>Rhodamine Chemical Inc. ofrece una gama completa de tintas plastisol sin ftalatos para impresi\u00f3n textil de alta calidad. Nuestras tintas plastisol proporcionan colores brillantes, excelente cobertura y durabilidad sobresaliente, siendo la elecci\u00f3n preferida de ser\u00edgrafos en todo el mundo.<\/p>\n<p><strong>Por Qu\u00e9 Elegir las Tintas Plastisol Rhodamine<\/strong><\/p>\n<ul>\n<li>Formulaci\u00f3n sin ftalatos que cumple con regulaciones internacionales de seguridad<\/li>\n<li>Excelente opacidad y viveza de color incluso en telas oscuras<\/li>\n<li>Imprimibilidad suave y consistente en prensas manuales y autom\u00e1ticas<\/li>\n<li>Acabado suave y duradero con elasticidad superior<\/li>\n<\/ul>\n<p><strong>Aplicaciones<\/strong><br \/>Ideal para impresi\u00f3n en algod\u00f3n, poli\u00e9ster y telas mezcladas mediante serigraf\u00eda. Adecuado para camisetas, sudaderas y otras prendas.<\/p>\n<p data-start=\"353\" data-end=\"389\">\ud83d\udce9 <strong><a href=\"\/esp\/formulario-de-contacto\">Contacte a nuestro equipo t\u00e9cnico<\/a><\/strong> para analizar el sistema m\u00e1s adecuado para sus necesidades.<\/p>\n<\/div><\/div><\/div><\/div><\/div><\/div><\/section>\n","protected":false},"excerpt":{"rendered":"Tintas Plastisol para Textiles \u2013 Sin Ftalatos &amp; Alto Rendimiento Rhodamine Chemical Inc. ofrece una gama completa de tintas plastisol sin ftalatos para impresi\u00f3n textil de alta calidad. Nuestras tintas plastisol proporcionan colores brillantes, excelente cobertura y durabilidad sobresaliente, siendo la elecci\u00f3n preferida de ser\u00edgrafos en todo el mundo. Por Qu\u00e9 Elegir las Tintas Plastisol...","protected":false},"author":1,"featured_media":0,"parent":0,"menu_order":0,"comment_status":"closed","ping_status":"closed","template":"","meta":{"footnotes":""},"class_list":["post-126","page","type-page","status-publish","hentry"],"_links":{"self":[{"href":"https:\/\/rhodamine.com.tr\/esp\/wp-json\/wp\/v2\/pages\/126","targetHints":{"allow":["GET"]}}],"collection":[{"href":"https:\/\/rhodamine.com.tr\/esp\/wp-json\/wp\/v2\/pages"}],"about":[{"href":"https:\/\/rhodamine.com.tr\/esp\/wp-json\/wp\/v2\/types\/page"}],"author":[{"embeddable":true,"href":"https:\/\/rhodamine.com.tr\/esp\/wp-json\/wp\/v2\/users\/1"}],"replies":[{"embeddable":true,"href":"https:\/\/rhodamine.com.tr\/esp\/wp-json\/wp\/v2\/comments?post=126"}],"version-history":[{"count":9,"href":"https:\/\/rhodamine.com.tr\/esp\/wp-json\/wp\/v2\/pages\/126\/revisions"}],"predecessor-version":[{"id":435,"href":"https:\/\/rhodamine.com.tr\/esp\/wp-json\/wp\/v2\/pages\/126\/revisions\/435"}],"wp:attachment":[{"href":"https:\/\/rhodamine.com.tr\/esp\/wp-json\/wp\/v2\/media?parent=126"}],"curies":[{"name":"wp","href":"https:\/\/api.w.org\/{rel}","templated":true}]}}