{"id":130,"date":"2025-11-04T13:39:55","date_gmt":"2025-11-04T10:39:55","guid":{"rendered":"https:\/\/rhodamine.artikaravan.com\/?page_id=130"},"modified":"2025-12-19T11:13:07","modified_gmt":"2025-12-19T08:13:07","slug":"tintas-textiles-pigmentadas-digitales","status":"publish","type":"page","link":"https:\/\/rhodamine.com.tr\/esp\/tintas-textiles-pigmentadas-digitales\/","title":{"rendered":"Tintas Textiles Pigmentadas Digitales"},"content":{"rendered":"<section class=\"l-section wpb_row height_medium\"><div class=\"l-section-h i-cf\"><div class=\"g-cols vc_row via_grid cols_1 laptops-cols_inherit tablets-cols_inherit mobiles-cols_1 valign_top type_default stacking_default\"><div class=\"wpb_column vc_column_container\"><div class=\"vc_column-inner\"><div class=\"wpb_text_column\"><div class=\"wpb_wrapper\"><h1><strong>Tintas Pigmentarias Digitales para Textiles<\/strong><\/h1>\n<p>Nuestra tinta pigmentaria digital para textiles es una tinta acuosa de alto rendimiento formulada con pigmentos finamente dispersos y un sistema de aglutinante polim\u00e9rico, dise\u00f1ada para impresi\u00f3n directa sobre telas naturales y mezcladas con tecnolog\u00eda de inyecci\u00f3n digital. Compatible con cabezales Epson DX4, DX5, DX6, DX7, 5113, 3200, 4720, i3200.<\/p>\n<p><strong>Por Qu\u00e9 Elegir las Tintas Pigmentarias Digitales Rhodamine<\/strong><\/p>\n<ul>\n<li>Bajo olor y humo<\/li>\n<li>Impresi\u00f3n muy estable<\/li>\n<li>Respetuosa con el medio ambiente<\/li>\n<li>Secado r\u00e1pido sobre algod\u00f3n<\/li>\n<li>Buena solidez general<\/li>\n<\/ul>\n<p><strong>Aplicaciones<\/strong><br \/>Principalmente para algod\u00f3n, lino, viscosa y mezclas poli-algod\u00f3n, especialmente para moda, textiles del hogar e impresi\u00f3n personalizada.<\/p>\n<p data-start=\"381\" data-end=\"430\">\ud83d\udce9 <strong><a href=\"\/esp\/formulario-de-contacto\">Contacte a nuestro equipo t\u00e9cnico<\/a><\/strong> para analizar el sistema m\u00e1s adecuado para sus necesidades.<\/p>\n<\/div><\/div><\/div><\/div><\/div><\/div><\/section>\n","protected":false},"excerpt":{"rendered":"Tintas Pigmentarias Digitales para Textiles Nuestra tinta pigmentaria digital para textiles es una tinta acuosa de alto rendimiento formulada con pigmentos finamente dispersos y un sistema de aglutinante polim\u00e9rico, dise\u00f1ada para impresi\u00f3n directa sobre telas naturales y mezcladas con tecnolog\u00eda de inyecci\u00f3n digital. Compatible con cabezales Epson DX4, DX5, DX6, DX7, 5113, 3200, 4720, i3200....","protected":false},"author":1,"featured_media":0,"parent":0,"menu_order":0,"comment_status":"closed","ping_status":"closed","template":"","meta":{"footnotes":""},"class_list":["post-130","page","type-page","status-publish","hentry"],"_links":{"self":[{"href":"https:\/\/rhodamine.com.tr\/esp\/wp-json\/wp\/v2\/pages\/130","targetHints":{"allow":["GET"]}}],"collection":[{"href":"https:\/\/rhodamine.com.tr\/esp\/wp-json\/wp\/v2\/pages"}],"about":[{"href":"https:\/\/rhodamine.com.tr\/esp\/wp-json\/wp\/v2\/types\/page"}],"author":[{"embeddable":true,"href":"https:\/\/rhodamine.com.tr\/esp\/wp-json\/wp\/v2\/users\/1"}],"replies":[{"embeddable":true,"href":"https:\/\/rhodamine.com.tr\/esp\/wp-json\/wp\/v2\/comments?post=130"}],"version-history":[{"count":9,"href":"https:\/\/rhodamine.com.tr\/esp\/wp-json\/wp\/v2\/pages\/130\/revisions"}],"predecessor-version":[{"id":438,"href":"https:\/\/rhodamine.com.tr\/esp\/wp-json\/wp\/v2\/pages\/130\/revisions\/438"}],"wp:attachment":[{"href":"https:\/\/rhodamine.com.tr\/esp\/wp-json\/wp\/v2\/media?parent=130"}],"curies":[{"name":"wp","href":"https:\/\/api.w.org\/{rel}","templated":true}]}}