{"id":448,"date":"2025-12-25T14:13:03","date_gmt":"2025-12-25T11:13:03","guid":{"rendered":"https:\/\/rhodamine.com.tr\/esp\/?page_id=448"},"modified":"2025-12-25T14:13:20","modified_gmt":"2025-12-25T11:13:20","slug":"nuestros-productos","status":"publish","type":"page","link":"https:\/\/rhodamine.com.tr\/esp\/nuestros-productos\/","title":{"rendered":"Nuestros Productos"},"content":{"rendered":"<section class=\"l-section wpb_row height_small\"><div class=\"l-section-h i-cf\"><div class=\"g-cols vc_row via_grid cols_1 laptops-cols_inherit tablets-cols_inherit mobiles-cols_1 valign_top type_default stacking_default\"><div class=\"wpb_column vc_column_container\"><div class=\"vc_column-inner\"><div class=\"wpb_text_column\"><div class=\"wpb_wrapper\"><h2><strong>Nuestros Productos<\/strong><\/h2>\n<\/div><\/div><div class=\"g-cols wpb_row via_grid cols_1 laptops-cols_inherit tablets-cols_inherit mobiles-cols_1 valign_top type_default stacking_default\"><div class=\"wpb_column vc_column_container\"><div class=\"vc_column-inner\"><div class=\"w-separator size_small\"><\/div><\/div><\/div><\/div><div class=\"g-cols wpb_row via_grid cols_4 laptops-cols_inherit tablets-cols_inherit mobiles-cols_2 valign_top type_default stacking_default\" style=\"grid-gap:0.7rem;\"><div class=\"wpb_column vc_column_container\"><div class=\"vc_column-inner\"><div class=\"w-ibanner animation_phorcys ratio_1x1 easing_ease\"><div class=\"w-ibanner-h\"><div class=\"w-ibanner-image\" style=\"background-image: url(https:\/\/rhodamine.com.tr\/esp\/wp-content\/uploads\/2025\/11\/185c.png)\"><\/div><div class=\"w-ibanner-content\"><div class=\"w-ibanner-content-h\"><h5 class=\"w-ibanner-title\">Tintas a Base de Solventes<\/h5><div class=\"w-ibanner-desc\"><\/div><\/div><\/div><\/div><a href=\"\/esp\/tintas-a-base-de-solventes\" aria-label=\"Tintas a Base de Solventes\"><\/a><\/div><\/div><\/div><div class=\"wpb_column vc_column_container\"><div class=\"vc_column-inner\"><div class=\"w-ibanner animation_phorcys ratio_1x1 easing_ease\"><div class=\"w-ibanner-h\"><div class=\"w-ibanner-image\" style=\"background-image: url(https:\/\/rhodamine.com.tr\/esp\/wp-content\/uploads\/2025\/11\/001489.png)\"><\/div><div class=\"w-ibanner-content\"><div class=\"w-ibanner-content-h\"><h5 class=\"w-ibanner-title\">Tintas a Base de Agua<\/h5><div class=\"w-ibanner-desc\"><\/div><\/div><\/div><\/div><a href=\"\/esp\/tintas-a-base-de-agua\" aria-label=\"Tintas a Base de Agua\"><\/a><\/div><\/div><\/div><div class=\"wpb_column vc_column_container\"><div class=\"vc_column-inner\"><div class=\"w-ibanner animation_phorcys ratio_1x1 easing_ease\"><div class=\"w-ibanner-h\"><div class=\"w-ibanner-image\" style=\"background-image: url(https:\/\/rhodamine.com.tr\/esp\/wp-content\/uploads\/2025\/11\/345c-300x300.png)\"><\/div><div class=\"w-ibanner-content\"><div class=\"w-ibanner-content-h\"><h5 class=\"w-ibanner-title\">Adhesivos de Laminaci\u00f3n<\/h5><div class=\"w-ibanner-desc\"><\/div><\/div><\/div><\/div><a href=\"\/esp\/adhesivos-de-laminacion\" aria-label=\"Adhesivos de Laminaci\u00f3n\"><\/a><\/div><\/div><\/div><div class=\"wpb_column vc_column_container\"><div class=\"vc_column-inner\"><div class=\"w-ibanner animation_phorcys ratio_1x1 easing_ease\"><div class=\"w-ibanner-h\"><div class=\"w-ibanner-image\" style=\"background-image: url(https:\/\/rhodamine.com.tr\/esp\/wp-content\/uploads\/2025\/11\/images-1.jpeg)\"><\/div><div class=\"w-ibanner-content\"><div class=\"w-ibanner-content-h\"><h5 class=\"w-ibanner-title\">Tintas Offset<\/h5><div class=\"w-ibanner-desc\"><\/div><\/div><\/div><\/div><a href=\"\/esp\/tintas-offset\" aria-label=\"Tintas Offset\"><\/a><\/div><\/div><\/div><\/div><div class=\"w-separator size_small\"><\/div><div class=\"g-cols wpb_row via_grid cols_4 laptops-cols_inherit tablets-cols_inherit mobiles-cols_2 valign_top type_default stacking_default\" style=\"grid-gap:0.7rem;\"><div class=\"wpb_column vc_column_container\"><div class=\"vc_column-inner\"><div class=\"w-ibanner animation_phorcys ratio_1x1 easing_ease\"><div class=\"w-ibanner-h\"><div class=\"w-ibanner-image\" style=\"background-image: url(https:\/\/rhodamine.com.tr\/esp\/wp-content\/uploads\/2025\/11\/CoolGrey5c.png)\"><\/div><div class=\"w-ibanner-content\"><div class=\"w-ibanner-content-h\"><h5 class=\"w-ibanner-title\">Lacas Termosellables<\/h5><div class=\"w-ibanner-desc\"><\/div><\/div><\/div><\/div><a href=\"\/esp\/lacas-termosellables\" aria-label=\"Lacas Termosellables\"><\/a><\/div><\/div><\/div><div class=\"wpb_column vc_column_container\"><div class=\"vc_column-inner\"><div class=\"w-ibanner animation_phorcys ratio_1x1 easing_ease\"><div class=\"w-ibanner-h\"><div class=\"w-ibanner-image\" style=\"background-image: url(https:\/\/rhodamine.com.tr\/esp\/wp-content\/uploads\/2025\/11\/550c.png)\"><\/div><div class=\"w-ibanner-content\"><div class=\"w-ibanner-content-h\"><h5 class=\"w-ibanner-title\">Adhesivos de Sellado en Fr\u00edo<\/h5><div class=\"w-ibanner-desc\"><\/div><\/div><\/div><\/div><a href=\"\/esp\/adhesivos-de-sellado-en-frio\" aria-label=\"Adhesivos de Sellado en Fr\u00edo\"><\/a><\/div><\/div><\/div><div class=\"wpb_column vc_column_container\"><div class=\"vc_column-inner\"><div class=\"w-ibanner animation_phorcys ratio_1x1 easing_ease\"><div class=\"w-ibanner-h\"><div class=\"w-ibanner-image\" style=\"background-image: url(https:\/\/rhodamine.com.tr\/esp\/wp-content\/uploads\/2025\/11\/pantone-color-chip-465-c.jpg)\"><\/div><div class=\"w-ibanner-content\"><div class=\"w-ibanner-content-h\"><h5 class=\"w-ibanner-title\">Cola para Cart\u00f3n Corrugado<\/h5><div class=\"w-ibanner-desc\"><\/div><\/div><\/div><\/div><a href=\"\/esp\/cola-para-carton-corrugado\" aria-label=\"Cola para Cart\u00f3n Corrugado\"><\/a><\/div><\/div><\/div><div class=\"wpb_column vc_column_container\"><div class=\"vc_column-inner\"><div class=\"w-ibanner animation_phorcys ratio_1x1 easing_ease\"><div class=\"w-ibanner-h\"><div class=\"w-ibanner-image\" style=\"background-image: url(https:\/\/rhodamine.com.tr\/esp\/wp-content\/uploads\/2025\/11\/pantone-color-chip-black-6-c.jpg)\"><\/div><div class=\"w-ibanner-content\"><div class=\"w-ibanner-content-h\"><h5 class=\"w-ibanner-title\">Tintas Textiles<\/h5><div class=\"w-ibanner-desc\"><\/div><\/div><\/div><\/div><a href=\"\/esp\/tintas-textiles\" aria-label=\"Tintas Textiles\"><\/a><\/div><\/div><\/div><\/div><\/div><\/div><\/div><\/div><\/section>\n","protected":false},"excerpt":{"rendered":"Nuestros Productos Tintas a Base de SolventesTintas a Base de AguaAdhesivos de Laminaci\u00f3nTintas OffsetLacas TermosellablesAdhesivos de Sellado en Fr\u00edoCola para Cart\u00f3n CorrugadoTintas Textiles","protected":false},"author":1,"featured_media":0,"parent":0,"menu_order":0,"comment_status":"closed","ping_status":"closed","template":"","meta":{"footnotes":""},"class_list":["post-448","page","type-page","status-publish","hentry"],"_links":{"self":[{"href":"https:\/\/rhodamine.com.tr\/esp\/wp-json\/wp\/v2\/pages\/448","targetHints":{"allow":["GET"]}}],"collection":[{"href":"https:\/\/rhodamine.com.tr\/esp\/wp-json\/wp\/v2\/pages"}],"about":[{"href":"https:\/\/rhodamine.com.tr\/esp\/wp-json\/wp\/v2\/types\/page"}],"author":[{"embeddable":true,"href":"https:\/\/rhodamine.com.tr\/esp\/wp-json\/wp\/v2\/users\/1"}],"replies":[{"embeddable":true,"href":"https:\/\/rhodamine.com.tr\/esp\/wp-json\/wp\/v2\/comments?post=448"}],"version-history":[{"count":2,"href":"https:\/\/rhodamine.com.tr\/esp\/wp-json\/wp\/v2\/pages\/448\/revisions"}],"predecessor-version":[{"id":450,"href":"https:\/\/rhodamine.com.tr\/esp\/wp-json\/wp\/v2\/pages\/448\/revisions\/450"}],"wp:attachment":[{"href":"https:\/\/rhodamine.com.tr\/esp\/wp-json\/wp\/v2\/media?parent=448"}],"curies":[{"name":"wp","href":"https:\/\/api.w.org\/{rel}","templated":true}]}}