{"id":63,"date":"2025-11-04T08:42:18","date_gmt":"2025-11-04T08:42:18","guid":{"rendered":"https:\/\/rhodamine.artikaravan.com\/?page_id=63"},"modified":"2026-04-17T18:50:22","modified_gmt":"2026-04-17T15:50:22","slug":"sobre-nosotros","status":"publish","type":"page","link":"https:\/\/rhodamine.com.tr\/esp\/sobre-nosotros\/","title":{"rendered":"Sobre Nosotros"},"content":{"rendered":"<section class=\"l-section wpb_row height_medium\"><div class=\"l-section-h i-cf\"><div class=\"g-cols vc_row via_grid cols_1 laptops-cols_inherit tablets-cols_inherit mobiles-cols_1 valign_top type_default stacking_default\"><div class=\"wpb_column vc_column_container\"><div class=\"vc_column-inner\"><div class=\"wpb_text_column\"><div class=\"wpb_wrapper\"><h1><strong>Fabricante de Tintas para Envases Flexibles, Adhesivos y Recubrimientos Industriales<\/strong><\/h1>\n<p><strong>Soluciones de alto rendimiento para la industria del packaging flexible<\/strong><\/p>\n<p data-start=\"520\" data-end=\"791\">Rhodamine Chemical Inc. es un <strong data-start=\"550\" data-end=\"709\">fabricante de tintas para envases flexibles, adhesivos de laminaci\u00f3n, barnices de sellado en fr\u00edo, barnices de sellado en caliente y recubrimientos barrera<\/strong> para la industria global de transformaci\u00f3n de materiales (<em data-start=\"768\" data-end=\"789\">converting industry<\/em>).<\/p>\n<p data-start=\"793\" data-end=\"1046\">Desarrollamos soluciones qu\u00edmicas de alto rendimiento para <strong data-start=\"852\" data-end=\"892\">impresi\u00f3n flexogr\u00e1fica y rotograbado<\/strong>, apoyando a convertidores de packaging y propietarios de marcas en la producci\u00f3n de <strong data-start=\"977\" data-end=\"1045\">envases seguros, resistentes, conformes y visualmente superiores<\/strong>.<\/p>\n<p data-start=\"1048\" data-end=\"1245\">Nuestros productos est\u00e1n dise\u00f1ados para aplicaciones de <strong data-start=\"1104\" data-end=\"1146\">envases alimentarios y no alimentarios<\/strong>, cumpliendo con los requisitos t\u00e9cnicos y regulatorios del sector del packaging moderno en Europa.<\/p>\n<p><strong>Nuestra Visi\u00f3n en la Industria del Envase Flexible<\/strong><\/p>\n<p>Convertirnos en un socio global de confianza en la industria del envase flexible, impulsando la innovaci\u00f3n a trav\u00e9s de tecnolog\u00edas sostenibles y soluciones centradas en el cliente.<\/p>\n<p><strong>Nuestra Misi\u00f3n en la Fabricaci\u00f3n de Tintas, Adhesivos y Recubrimientos<\/strong><\/p>\n<p>Ofrecer tintas, adhesivos y recubrimientos de alto rendimiento para envases flexibles que cumplan con los exigentes requisitos del packaging moderno, garantizando la seguridad del producto, la calidad de impresi\u00f3n y la responsabilidad ambiental.<\/p>\n<p><strong>Nuestra Gama de Productos para Envases Flexiblesmos<\/strong><\/p>\n<p>Desarrollamos y producimos un amplio rango de productos qu\u00edmicos para envases flexibles y de papel, incluyendo:<\/p>\n<ul>\n<li data-section-id=\"ripizy\" data-start=\"772\" data-end=\"854\"><strong data-start=\"774\" data-end=\"810\">Tintas base solvente y base agua<\/strong> para impresi\u00f3n flexogr\u00e1fica y rotograbado<\/li>\n<li data-section-id=\"1hjyl18\" data-start=\"855\" data-end=\"958\"><strong data-start=\"857\" data-end=\"884\">Adhesivos de laminaci\u00f3n<\/strong>: sistemas base solvente, sin solvente (<em data-start=\"924\" data-end=\"937\">solventless<\/em>) y mono-componente<\/li>\n<li data-section-id=\"1n7gqu0\" data-start=\"959\" data-end=\"1069\"><strong data-start=\"961\" data-end=\"1005\">Adhesivos de sellado en fr\u00edo (cold seal)<\/strong> para aplicaciones sensibles al calor como chocolate y helados<\/li>\n<li data-section-id=\"73vvsd\" data-start=\"1070\" data-end=\"1173\"><strong data-start=\"1072\" data-end=\"1128\">Barnices de sellado en caliente (heat seal lacquers)<\/strong> para l\u00e1minas, bl\u00edsteres y c\u00e1psulas de caf\u00e9<\/li>\n<li data-section-id=\"hvt93c\" data-start=\"1174\" data-end=\"1294\"><strong data-start=\"1176\" data-end=\"1231\">Recubrimientos barrera y recubrimientos funcionales<\/strong> para protecci\u00f3n avanzada y mejora del rendimiento del envase<\/li>\n<\/ul>\n<p>Cada producto est\u00e1 formulado con precisi\u00f3n \u2014 optimizado para imprimibilidad, adhesi\u00f3n, brillo y resistencia, garantizando un rendimiento constante en una amplia variedad de sustratos, incluyendo BOPP, PET, BOPA (NY), CPP, PE, papel de aluminio y papel.<\/p>\n<p><strong>Innovaci\u00f3n y Cumplimiento en la Qu\u00edmica para Envases<\/strong><\/p>\n<p data-start=\"58\" data-end=\"317\">Nuestra fortaleza radica en la innovaci\u00f3n continua y la excelencia regulatoria.<br data-start=\"137\" data-end=\"140\" \/>Todos los productos de Rhodamine Chemical Inc. se desarrollan en cumplimiento con las regulaciones de la UE y los est\u00e1ndares de la FDA para materiales en contacto con alimentos.<\/p>\n<p data-start=\"319\" data-end=\"595\">Invertimos de manera constante en I+D y en la mejora de nuestros productos para satisfacer las necesidades cambiantes de las industrias del packaging y del converting \u2014 incluyendo la transici\u00f3n hacia sistemas de envasado con bajo contenido de COV, sin solventes y reciclables.<\/p>\n<p data-start=\"597\" data-end=\"724\" data-is-last-node=\"\" data-is-only-node=\"\">Nuestro objetivo no es solo cumplir con los requisitos de rendimiento, sino tambi\u00e9n contribuir al futuro del envase sostenible.<\/p>\n<p><strong>Suministro Global de Tintas, Adhesivos y Recubrimientos para Envases Flexibles<\/strong><\/p>\n<p data-start=\"84\" data-end=\"279\">Con sede en Izmir, Turqu\u00eda, Rhodamine Chemical Inc. suministra tintas, adhesivos y recubrimientos para envases flexibles a clientes en toda Europa, Estados Unidos y otros mercados globales clave.<\/p>\n<p data-start=\"281\" data-end=\"312\">Apoyamos a nuestros socios con:<\/p>\n<ul>\n<li data-start=\"314\" data-end=\"428\">Calidad de producto constante<\/li>\n<li data-start=\"314\" data-end=\"428\">Soporte t\u00e9cnico y experiencia en formulaci\u00f3n<\/li>\n<li data-start=\"314\" data-end=\"428\">Suministro fiable y servicio \u00e1gil<\/li>\n<\/ul>\n<p data-start=\"430\" data-end=\"578\" data-is-last-node=\"\" data-is-only-node=\"\">A trav\u00e9s de nuestra red global en expansi\u00f3n, seguimos fortaleciendo nuestra posici\u00f3n como proveedor confiable para la industria del envase flexible.<\/p>\n<p><strong>Por qu\u00e9 elegir Rhodamine Chemical Inc.<\/strong><\/p>\n<ul>\n<li>\ud83e\uddea <strong data-start=\"47\" data-end=\"78\">Experiencia avanzada en I+D<\/strong> \u2013 innovaci\u00f3n continua en tintas, adhesivos y recubrimientos<\/li>\n<li>\ud83c\udf0d <strong data-start=\"144\" data-end=\"177\">Cumplimiento normativo global<\/strong> \u2013 formulaciones conformes con las regulaciones de la UE y la FDA<\/li>\n<li>\ud83e\udd1d <strong data-start=\"248\" data-end=\"279\">Colaboraci\u00f3n con el cliente<\/strong> \u2013 soluciones personalizadas y asistencia t\u00e9cnica \u00e1gil<\/li>\n<li>\u2699\ufe0f <strong data-start=\"339\" data-end=\"369\">Gama completa de productos<\/strong> \u2013 desde tintas hasta adhesivos y recubrimientos<\/li>\n<li>\ud83c\udf3f <strong data-start=\"423\" data-end=\"452\">Enfoque en sostenibilidad<\/strong> \u2013 desarrollo de soluciones responsables para el futuro del packaging<\/li>\n<\/ul>\n<p><strong>Nuestro Compromiso<\/strong><\/p>\n<p data-start=\"24\" data-end=\"351\">En Rhodamine Chemical Inc., la qu\u00edmica es m\u00e1s que ciencia: es colaboraci\u00f3n, rendimiento y prop\u00f3sito.<br data-start=\"124\" data-end=\"127\" \/>Trabajamos en estrecha cooperaci\u00f3n con convertidores, impresores y fabricantes de envases para desarrollar soluciones fiables, conformes y de alto rendimiento que hacen que el envasado sea m\u00e1s seguro, eficiente y sostenible.<\/p>\n<p data-start=\"353\" data-end=\"411\" data-is-last-node=\"\" data-is-only-node=\"\">Juntos, estamos dando forma al futuro del envase flexible.<\/p>\n<p><a href=\"https:\/\/rhodamine.com.tr\/esp\/formulario-de-contacto\">\ud83d\udce9 <strong>Cont\u00e1ctenos hoy<\/strong><\/a> para explorar c\u00f3mo Rhodamine puede apoyar su pr\u00f3ximo proyecto en qu\u00edmica para impresi\u00f3n y embalaje.<\/p>\n<p><strong>Preguntas Frecuentes<\/strong><\/p>\n<p data-start=\"26\" data-end=\"291\"><strong data-start=\"26\" data-end=\"86\">\u00bfQu\u00e9 tipos de productos fabrica Rhodamine Chemical Inc.?<\/strong><br data-start=\"86\" data-end=\"89\" \/>Fabricamos tintas para envases flexibles, incluyendo tintas flexogr\u00e1ficas y de rotograbado, as\u00ed como adhesivos para laminaci\u00f3n, adhesivos cold seal, lacas de sellado t\u00e9rmico y recubrimientos de barrera.<\/p>\n<p data-start=\"293\" data-end=\"518\"><strong data-start=\"293\" data-end=\"367\">\u00bfSus productos cumplen con las regulaciones para envases alimentarios?<\/strong><br data-start=\"367\" data-end=\"370\" \/>S\u00ed, nuestros productos se desarrollan de acuerdo con las regulaciones de la UE y los est\u00e1ndares de la FDA para materiales en contacto con alimentos.<\/p>\n<p data-start=\"520\" data-end=\"680\"><strong data-start=\"520\" data-end=\"549\">\u00bfA qu\u00e9 industrias sirven?<\/strong><br data-start=\"549\" data-end=\"552\" \/>Atendemos a convertidores y fabricantes de envases en los sectores de envases flexibles tanto alimentarios como no alimentarios.<\/p>\n<p data-start=\"682\" data-end=\"803\" data-is-last-node=\"\" data-is-only-node=\"\"><strong data-start=\"682\" data-end=\"719\">\u00bfRealizan env\u00edos internacionales?<\/strong><br data-start=\"719\" data-end=\"722\" \/>S\u00ed, suministramos a clientes en Europa, Estados Unidos y otros mercados globales.<\/p>\n<p data-start=\"682\" data-end=\"803\" data-is-last-node=\"\" data-is-only-node=\"\">\u00a0<\/p>\n<\/div><\/div><\/div><\/div><\/div><\/div><\/section>\n","protected":false},"excerpt":{"rendered":"Fabricante de Tintas para Envases Flexibles, Adhesivos y Recubrimientos Industriales Soluciones de alto rendimiento para la industria del packaging flexible Rhodamine Chemical Inc. es un fabricante de tintas para envases flexibles, adhesivos de laminaci\u00f3n, barnices de sellado en fr\u00edo, barnices de sellado en caliente y recubrimientos barrera para la industria global de transformaci\u00f3n de materiales...","protected":false},"author":1,"featured_media":0,"parent":0,"menu_order":0,"comment_status":"closed","ping_status":"closed","template":"","meta":{"footnotes":""},"class_list":["post-63","page","type-page","status-publish","hentry"],"_links":{"self":[{"href":"https:\/\/rhodamine.com.tr\/esp\/wp-json\/wp\/v2\/pages\/63","targetHints":{"allow":["GET"]}}],"collection":[{"href":"https:\/\/rhodamine.com.tr\/esp\/wp-json\/wp\/v2\/pages"}],"about":[{"href":"https:\/\/rhodamine.com.tr\/esp\/wp-json\/wp\/v2\/types\/page"}],"author":[{"embeddable":true,"href":"https:\/\/rhodamine.com.tr\/esp\/wp-json\/wp\/v2\/users\/1"}],"replies":[{"embeddable":true,"href":"https:\/\/rhodamine.com.tr\/esp\/wp-json\/wp\/v2\/comments?post=63"}],"version-history":[{"count":15,"href":"https:\/\/rhodamine.com.tr\/esp\/wp-json\/wp\/v2\/pages\/63\/revisions"}],"predecessor-version":[{"id":462,"href":"https:\/\/rhodamine.com.tr\/esp\/wp-json\/wp\/v2\/pages\/63\/revisions\/462"}],"wp:attachment":[{"href":"https:\/\/rhodamine.com.tr\/esp\/wp-json\/wp\/v2\/media?parent=63"}],"curies":[{"name":"wp","href":"https:\/\/api.w.org\/{rel}","templated":true}]}}