{"id":90,"date":"2025-11-04T09:41:00","date_gmt":"2025-11-04T09:41:00","guid":{"rendered":"https:\/\/rhodamine.artikaravan.com\/?page_id=90"},"modified":"2025-12-10T00:49:58","modified_gmt":"2025-12-09T21:49:58","slug":"formulario-de-contacto","status":"publish","type":"page","link":"https:\/\/rhodamine.com.tr\/esp\/formulario-de-contacto\/","title":{"rendered":"Formulario de Contacto"},"content":{"rendered":"<section class=\"l-section wpb_row height_medium\"><div class=\"l-section-h i-cf\"><div class=\"g-cols vc_row via_grid cols_1 laptops-cols_inherit tablets-cols_inherit mobiles-cols_1 valign_top type_default stacking_default\"><div class=\"wpb_column vc_column_container\"><div class=\"vc_column-inner\"><div class=\"wpb_text_column\"><div class=\"wpb_wrapper\"><h2 style=\"text-align: center;\">Formulario de Contacto<\/h2>\n<\/div><\/div><div class=\"wpb_text_column\"><div class=\"wpb_wrapper\">    <form id=\"rhodamine-offer-form\" class=\"rhodamine-offer-form\">\n        <input type=\"text\" name=\"company\" placeholder=\"Nombre de la empresa *\" required>\n        <input type=\"text\" name=\"fullname\" placeholder=\"Nombre y apellido *\" required>\n        <input type=\"email\" name=\"email\" placeholder=\"Correo electr\u00f3nico *\" required>\n        <input type=\"tel\" name=\"phone\" placeholder=\"Tel\u00e9fono *\" required>\n\n        <select name=\"product\" required>\n            <option value=\"\">Seleccionar producto *<\/option>\n\n            <optgroup label=\"Tintas base solvente\">\n                <option value=\"Solvent Based Flexo Inks\">Tintas flexogr\u00e1ficas base solvente<\/option>\n                <option value=\"Solvent Based Rotogravure Inks\">Tintas de rotograbado base solvente<\/option>\n                <option value=\"Solvent Based Lacquers\">Lacas base solvente<\/option>\n            <\/optgroup>\n\n            <optgroup label=\"Tintas base agua\">\n                <option value=\"Water Based Inks\">Tintas base agua<\/option>\n            <\/optgroup>\n\n            <optgroup label=\"Adhesivos de laminaci\u00f3n\">\n                <option value=\"Solvent Based Adhesives\">Adhesivos base solvente<\/option>\n                <option value=\"Solventless Adhesives\">Adhesivos sin solventes<\/option>\n                <option value=\"Mono Component Adhesives\">Adhesivos monocomponente<\/option>\n            <\/optgroup>\n\n            <optgroup label=\"Tintas offset\">\n                <option value=\"Offset Inks\">Tintas offset<\/option>\n            <\/optgroup>\n\n            <optgroup label=\"Lacas termosellables\">\n                <option value=\"Heat Seal Lacquers\">Lacas termosellables<\/option>\n            <\/optgroup>\n\n            <optgroup label=\"Adhesivos de sellado en fr\u00edo\">\n                <option value=\"Cold Seal Lacquers\">Adhesivos de sellado en fr\u00edo<\/option>\n            <\/optgroup>\n\n            <optgroup label=\"Cola para cart\u00f3n corrugado\">\n                <option value=\"Corrugated Board Glue\">Cola para cart\u00f3n corrugado<\/option>\n            <\/optgroup>\n\n            <optgroup label=\"Tintas textiles y para tejidos\">\n                <option value=\"Plastisol Inks\">Tintas plastisol<\/option>\n                <option value=\"Water Based Textile Inks\">Tintas textiles base agua<\/option>\n                <option value=\"Digital Sublimation Inks\">Tintas de sublimaci\u00f3n digital<\/option>\n                <option value=\"Pigment Digital Inks\">Tintas pigmentadas digitales<\/option>\n                <option value=\"Reactive Digital Inks\">Tintas reactivas digitales<\/option>\n                <option value=\"Rotary Printing Inks\">Tintas de impresi\u00f3n rotativa<\/option>\n            <\/optgroup>\n\n        <\/select>\n\n        <textarea name=\"message\" placeholder=\"Mensaje *\" required><\/textarea>\n        <button type=\"submit\">Enviar<\/button>\n        <div class=\"rhodamine-response\"><\/div>\n    <\/form>\n\n    <style>\n    .rhodamine-offer-form {\n        max-width: 500px;\n        margin: 30px auto;\n        display: flex;\n        flex-direction: column;\n        gap: 10px;\n    }\n    .rhodamine-offer-form input,\n    .rhodamine-offer-form select,\n    .rhodamine-offer-form textarea {\n        padding: 12px;\n        border: 1px solid #ccc;\n        border-radius: 6px;\n        font-size: 15px;\n        width: 100%;\n    }\n    .rhodamine-offer-form button {\n        background: #ba0809;\n        color: #fff;\n        border: none;\n        padding: 12px;\n        border-radius: 6px;\n        font-size: 16px;\n        cursor: pointer;\n        transition: background 0.3s;\n    }\n    .rhodamine-offer-form button:hover { background: #8a0607; }\n    <\/style>\n\n    \n<\/div><\/div><\/div><\/div><\/div><\/div><\/section>\n","protected":false},"excerpt":{"rendered":"Formulario de Contacto Seleccionar producto * Tintas flexogr\u00e1ficas base solvente Tintas de rotograbado base solvente Lacas base solvente Tintas base agua Adhesivos base solvente Adhesivos sin solventes Adhesivos monocomponente Tintas offset Lacas termosellables Adhesivos de sellado en fr\u00edo Cola para cart\u00f3n corrugado Tintas plastisol Tintas textiles base agua Tintas de sublimaci\u00f3n digital Tintas pigmentadas digitales...","protected":false},"author":1,"featured_media":0,"parent":0,"menu_order":0,"comment_status":"closed","ping_status":"closed","template":"","meta":{"footnotes":""},"class_list":["post-90","page","type-page","status-publish","hentry"],"_links":{"self":[{"href":"https:\/\/rhodamine.com.tr\/esp\/wp-json\/wp\/v2\/pages\/90","targetHints":{"allow":["GET"]}}],"collection":[{"href":"https:\/\/rhodamine.com.tr\/esp\/wp-json\/wp\/v2\/pages"}],"about":[{"href":"https:\/\/rhodamine.com.tr\/esp\/wp-json\/wp\/v2\/types\/page"}],"author":[{"embeddable":true,"href":"https:\/\/rhodamine.com.tr\/esp\/wp-json\/wp\/v2\/users\/1"}],"replies":[{"embeddable":true,"href":"https:\/\/rhodamine.com.tr\/esp\/wp-json\/wp\/v2\/comments?post=90"}],"version-history":[{"count":8,"href":"https:\/\/rhodamine.com.tr\/esp\/wp-json\/wp\/v2\/pages\/90\/revisions"}],"predecessor-version":[{"id":391,"href":"https:\/\/rhodamine.com.tr\/esp\/wp-json\/wp\/v2\/pages\/90\/revisions\/391"}],"wp:attachment":[{"href":"https:\/\/rhodamine.com.tr\/esp\/wp-json\/wp\/v2\/media?parent=90"}],"curies":[{"name":"wp","href":"https:\/\/api.w.org\/{rel}","templated":true}]}}