{"id":110,"date":"2025-11-04T13:29:26","date_gmt":"2025-11-04T10:29:26","guid":{"rendered":"https:\/\/rhodamine.artikaravan.com\/?page_id=110"},"modified":"2025-12-25T14:21:30","modified_gmt":"2025-12-25T11:21:30","slug":"encres-a-base-deau","status":"publish","type":"page","link":"https:\/\/rhodamine.com.tr\/fr\/encres-a-base-deau\/","title":{"rendered":"Encres \u00e0 base d\u2019eau"},"content":{"rendered":"<section class=\"l-section wpb_row height_auto width_full\"><div class=\"l-section-h i-cf\"><div class=\"g-cols vc_row via_grid cols_1 laptops-cols_inherit tablets-cols_inherit mobiles-cols_1 valign_top type_default stacking_default\"><div class=\"wpb_column vc_column_container\"><div class=\"vc_column-inner\"><div class=\"w-image has_ratio align_center\"><div class=\"w-image-h\"><div style=\"padding-bottom:31.0345%\"><\/div><img loading=\"lazy\" decoding=\"async\" width=\"1600\" height=\"1200\" src=\"https:\/\/rhodamine.com.tr\/fr\/wp-content\/uploads\/2025\/12\/WhatsApp-Image-2025-11-12-at-20.22.56.jpeg\" class=\"attachment-full size-full\" alt=\"\" srcset=\"https:\/\/rhodamine.com.tr\/fr\/wp-content\/uploads\/2025\/12\/WhatsApp-Image-2025-11-12-at-20.22.56.jpeg 1600w, https:\/\/rhodamine.com.tr\/fr\/wp-content\/uploads\/2025\/12\/WhatsApp-Image-2025-11-12-at-20.22.56-300x225.jpeg 300w, https:\/\/rhodamine.com.tr\/fr\/wp-content\/uploads\/2025\/12\/WhatsApp-Image-2025-11-12-at-20.22.56-1024x768.jpeg 1024w\" sizes=\"auto, (max-width: 1600px) 100vw, 1600px\" \/><\/div><\/div><\/div><\/div><\/div><\/div><\/section><section class=\"l-section wpb_row height_medium\"><div class=\"l-section-h i-cf\"><div class=\"g-cols vc_row via_grid cols_1 laptops-cols_inherit tablets-cols_inherit mobiles-cols_1 valign_top type_default stacking_default\"><div class=\"wpb_column vc_column_container\"><div class=\"vc_column-inner\"><div class=\"wpb_text_column\"><div class=\"wpb_wrapper\"><h1><strong>Encres Flexographiques \u00e0 Base d\u2019Eau<\/strong><\/h1>\n<p>\u00c9cologiques. Impressions Plus R\u00e9sistantes. Emballages Plus S\u00fbrs.<\/p>\n<p>Chez Rhodamine Chemical Inc., nos encres flexographiques \u00e0 base d\u2019eau allient formulations respectueuses de l\u2019environnement et performances d\u2019impression exceptionnelles, id\u00e9ales pour une large gamme d\u2019emballages en papier tels que : bo\u00eetes en carton ondul\u00e9, sacs en papier, gobelets, mouchoirs et produits d\u2019hygi\u00e8ne.<br \/>Ces encres offrent des couleurs \u00e9clatantes, une d\u00e9finition nette et une adh\u00e9sion constante, tout en respectant les r\u00e9glementations strictes de l\u2019UE et de la FDA. Elles sont sp\u00e9cialement formul\u00e9es pour garantir une forte densit\u00e9 de couleur, une bonne r\u00e9sistance au frottement et une r\u00e9sistance \u00e0 l\u2019eau sur les gobelets en papier, tout en assurant d\u2019excellentes performances sur d\u2019autres supports papier.<\/p>\n<p><strong>Principaux Avantages<\/strong><\/p>\n<p>\u2022 \ud83c\udf3f <strong>\u00c9cologique &amp; Faible COV<\/strong> \u2013 r\u00e9duit l\u2019impact environnemental et am\u00e9liore la s\u00e9curit\u00e9 au travail<br \/>\u2022 \ud83c\udfa8 <strong>Haute Densit\u00e9 de Couleur<\/strong> \u2013 impressions \u00e9clatantes et uniformes sur tous les supports papier<br \/>\u2022 \u270b <strong>Bonne R\u00e9sistance au Frottement<\/strong> \u2013 garantit la durabilit\u00e9 des impressions sur gobelets et sacs<br \/>\u2022 \ud83d\udca7 <strong>R\u00e9sistance \u00e0 l\u2019Eau pour Gobelets<\/strong> \u2013 maintien de l\u2019int\u00e9grit\u00e9 de l\u2019impression sous humidit\u00e9<br \/>\u2022 \ud83d\udca8 <strong>S\u00e9chage Rapide &amp; Fonctionnement Fluide<\/strong> \u2013 presse sans probl\u00e8me, temps d\u2019arr\u00eat minimal<br \/>\u2022 \ud83e\uddea <strong>Conformit\u00e9 Alimentaire<\/strong> \u2013 formul\u00e9e selon les normes de l\u2019UE et de la FDA<br \/>\u2022 \ud83d\udd01 <strong>Adh\u00e9sion &amp; Couverture Fiables<\/strong> \u2013 adapt\u00e9e aux gobelets en papier, sacs kraft, bo\u00eetes ondul\u00e9es et mouchoirs<\/p>\n<p><strong>Pourquoi Choisir les Encres \u00e0 Base d\u2019Eau Rhodamine ?<\/strong><\/p>\n<p>Nos encres \u00e0 base d\u2019eau sont con\u00e7ues pour une performance constante et de haute qualit\u00e9 sur une vari\u00e9t\u00e9 de supports. Chaque formulation est optimis\u00e9e pour la qualit\u00e9 d\u2019impression, l\u2019adh\u00e9sion, la vitesse de s\u00e9chage et la compatibilit\u00e9 des substrats, garantissant des r\u00e9sultats fiables et conformes aux r\u00e9glementations pour les emballages papier modernes.<\/p>\n<p><strong>Plus Propre. Plus R\u00e9sistant. Plus S\u00fbr.<\/strong><\/p>\n<p>\ud83d\udce9 <a href=\"\/fr\/formulaire-de-contact\/\">Contactez notre \u00e9quipe technique<\/a>\u00a0d\u00e8s aujourd\u2019hui pour s\u00e9lectionner la formulation d\u2019encre \u00e0 base d\u2019eau adapt\u00e9e \u00e0 votre support papier et configuration de presse.<\/p>\n<\/div><\/div><\/div><\/div><\/div><\/div><\/section>\n","protected":false},"excerpt":{"rendered":"Encres Flexographiques \u00e0 Base d\u2019Eau \u00c9cologiques. Impressions Plus R\u00e9sistantes. Emballages Plus S\u00fbrs. Chez Rhodamine Chemical Inc., nos encres flexographiques \u00e0 base d\u2019eau allient formulations respectueuses de l\u2019environnement et performances d\u2019impression exceptionnelles, id\u00e9ales pour une large gamme d\u2019emballages en papier tels que : bo\u00eetes en carton ondul\u00e9, sacs en papier, gobelets, mouchoirs et produits d\u2019hygi\u00e8ne.Ces encres...","protected":false},"author":1,"featured_media":0,"parent":0,"menu_order":0,"comment_status":"closed","ping_status":"closed","template":"","meta":{"footnotes":""},"class_list":["post-110","page","type-page","status-publish","hentry"],"_links":{"self":[{"href":"https:\/\/rhodamine.com.tr\/fr\/wp-json\/wp\/v2\/pages\/110","targetHints":{"allow":["GET"]}}],"collection":[{"href":"https:\/\/rhodamine.com.tr\/fr\/wp-json\/wp\/v2\/pages"}],"about":[{"href":"https:\/\/rhodamine.com.tr\/fr\/wp-json\/wp\/v2\/types\/page"}],"author":[{"embeddable":true,"href":"https:\/\/rhodamine.com.tr\/fr\/wp-json\/wp\/v2\/users\/1"}],"replies":[{"embeddable":true,"href":"https:\/\/rhodamine.com.tr\/fr\/wp-json\/wp\/v2\/comments?post=110"}],"version-history":[{"count":15,"href":"https:\/\/rhodamine.com.tr\/fr\/wp-json\/wp\/v2\/pages\/110\/revisions"}],"predecessor-version":[{"id":456,"href":"https:\/\/rhodamine.com.tr\/fr\/wp-json\/wp\/v2\/pages\/110\/revisions\/456"}],"wp:attachment":[{"href":"https:\/\/rhodamine.com.tr\/fr\/wp-json\/wp\/v2\/media?parent=110"}],"curies":[{"name":"wp","href":"https:\/\/api.w.org\/{rel}","templated":true}]}}