{"id":118,"date":"2025-11-04T13:33:33","date_gmt":"2025-11-04T10:33:33","guid":{"rendered":"https:\/\/rhodamine.artikaravan.com\/?page_id=118"},"modified":"2025-12-19T10:36:20","modified_gmt":"2025-12-19T07:36:20","slug":"encres-offset","status":"publish","type":"page","link":"https:\/\/rhodamine.com.tr\/fr\/encres-offset\/","title":{"rendered":"Encres Offset"},"content":{"rendered":"<section class=\"l-section wpb_row height_auto width_full\"><div class=\"l-section-h i-cf\"><div class=\"g-cols vc_row via_grid cols_1 laptops-cols_inherit tablets-cols_inherit mobiles-cols_1 valign_top type_default stacking_default\"><div class=\"wpb_column vc_column_container\"><div class=\"vc_column-inner\"><div class=\"w-image has_ratio align_none\"><div class=\"w-image-h\"><div style=\"padding-bottom:31.0345%\"><\/div><img loading=\"lazy\" decoding=\"async\" width=\"1270\" height=\"400\" src=\"https:\/\/rhodamine.com.tr\/fr\/wp-content\/uploads\/2025\/11\/ofsetgorsel.jpg\" class=\"attachment-full size-full\" alt=\"\" srcset=\"https:\/\/rhodamine.com.tr\/fr\/wp-content\/uploads\/2025\/11\/ofsetgorsel.jpg 1270w, https:\/\/rhodamine.com.tr\/fr\/wp-content\/uploads\/2025\/11\/ofsetgorsel-300x94.jpg 300w, https:\/\/rhodamine.com.tr\/fr\/wp-content\/uploads\/2025\/11\/ofsetgorsel-1024x323.jpg 1024w\" sizes=\"auto, (max-width: 1270px) 100vw, 1270px\" \/><\/div><\/div><\/div><\/div><\/div><\/div><\/section><section class=\"l-section wpb_row height_medium\"><div class=\"l-section-h i-cf\"><div class=\"g-cols vc_row via_grid cols_1 laptops-cols_inherit tablets-cols_inherit mobiles-cols_1 valign_top type_default stacking_default\"><div class=\"wpb_column vc_column_container\"><div class=\"vc_column-inner\"><div class=\"wpb_text_column\"><div class=\"wpb_wrapper\"><h1><strong>Encres Offset \u2013 S\u00e9curit\u00e9 &amp; Haute Performance<\/strong><\/h1>\n<p>Chez Rhodamine Chemical Inc., nous proposons une gamme compl\u00e8te d\u2019encres offset con\u00e7ues pour une qualit\u00e9 d\u2019impression premium, le confort de l\u2019op\u00e9rateur et la s\u00e9curit\u00e9 des emballages alimentaires.<\/p>\n<ol>\n<li><strong> Encres Offset Conventionnelles<\/strong><\/li>\n<\/ol>\n<p><strong>\u2022 Faible Odeur &amp; Faible Migration<\/strong> : Id\u00e9ales pour les emballages alimentaires, garantissant la s\u00e9curit\u00e9 du produit<br \/>\u2022 <strong>Haute Qualit\u00e9 d\u2019Impression<\/strong> : Couleurs vives et nettes avec excellente constance<br \/>\u2022 <strong>Performance Fiable<\/strong> : Application uniforme sur divers substrats pour une production efficace<br \/>\u2022 <strong>Conformes ISO 2846<\/strong> : Garantie d\u2019une reproduction des couleurs de haute qualit\u00e9 et d\u2019une performance conforme aux normes de l\u2019industrie<br \/><em>(Veuillez contacter notre \u00e9quipe pour les s\u00e9ries d\u2019encres concern\u00e9es)<\/em><\/p>\n<ol start=\"2\">\n<li><strong> Encres Offset Durcissables aux UV<\/strong><\/li>\n<\/ol>\n<p><strong>\u2022 S\u00e9chage Rapide &amp; Durable<\/strong> : Durcissent ultra-rapidement sous lumi\u00e8re UV pour production \u00e0 grande vitesse<br \/>\u2022 <strong>Conformes ISO 2846<\/strong> : Fournissent une qualit\u00e9 de couleur constante et une fiabilit\u00e9 pour des travaux d\u2019impression exigeants<br \/><em>(Veuillez contacter notre \u00e9quipe pour les s\u00e9ries d\u2019encres concern\u00e9es)<\/em><\/p>\n<p><strong>Pourquoi Choisir les Encres Offset Rhodamine<\/strong><\/p>\n<p>\u2022 Qualit\u00e9 premium, sortie de couleur constante<br \/>\u2022 S\u00e9curit\u00e9 pour applications sensibles telles que l\u2019emballage alimentaire<br \/>\u2022 Optimis\u00e9es pour les proc\u00e9d\u00e9s offset conventionnels et UV<\/p>\n<p><strong>D\u00e9couvrez la Diff\u00e9rence Rhodamine<\/strong><\/p>\n<p>Performance. Pr\u00e9cision. Conformit\u00e9.<\/p>\n<p>D\u00e9couvrez l\u2019impact qu\u2019un syst\u00e8me d\u2019encre parfaitement formul\u00e9 peut avoir sur votre ligne de production.<\/p>\n<p>\ud83d\udce9 <a href=\"\/fr\/formulaire-de-contact\/\">Contactez notre \u00e9quipe technique<\/a> pour discuter du syst\u00e8me le plus adapt\u00e9 \u00e0 votre presse et \u00e0 votre structure d\u2019emballage.<\/p>\n<\/div><\/div><\/div><\/div><\/div><\/div><\/section>\n","protected":false},"excerpt":{"rendered":"Encres Offset \u2013 S\u00e9curit\u00e9 &amp; Haute Performance Chez Rhodamine Chemical Inc., nous proposons une gamme compl\u00e8te d\u2019encres offset con\u00e7ues pour une qualit\u00e9 d\u2019impression premium, le confort de l\u2019op\u00e9rateur et la s\u00e9curit\u00e9 des emballages alimentaires. Encres Offset Conventionnelles \u2022 Faible Odeur &amp; Faible Migration : Id\u00e9ales pour les emballages alimentaires, garantissant la s\u00e9curit\u00e9 du produit\u2022 Haute...","protected":false},"author":1,"featured_media":0,"parent":0,"menu_order":0,"comment_status":"closed","ping_status":"closed","template":"","meta":{"footnotes":""},"class_list":["post-118","page","type-page","status-publish","hentry"],"_links":{"self":[{"href":"https:\/\/rhodamine.com.tr\/fr\/wp-json\/wp\/v2\/pages\/118","targetHints":{"allow":["GET"]}}],"collection":[{"href":"https:\/\/rhodamine.com.tr\/fr\/wp-json\/wp\/v2\/pages"}],"about":[{"href":"https:\/\/rhodamine.com.tr\/fr\/wp-json\/wp\/v2\/types\/page"}],"author":[{"embeddable":true,"href":"https:\/\/rhodamine.com.tr\/fr\/wp-json\/wp\/v2\/users\/1"}],"replies":[{"embeddable":true,"href":"https:\/\/rhodamine.com.tr\/fr\/wp-json\/wp\/v2\/comments?post=118"}],"version-history":[{"count":9,"href":"https:\/\/rhodamine.com.tr\/fr\/wp-json\/wp\/v2\/pages\/118\/revisions"}],"predecessor-version":[{"id":431,"href":"https:\/\/rhodamine.com.tr\/fr\/wp-json\/wp\/v2\/pages\/118\/revisions\/431"}],"wp:attachment":[{"href":"https:\/\/rhodamine.com.tr\/fr\/wp-json\/wp\/v2\/media?parent=118"}],"curies":[{"name":"wp","href":"https:\/\/api.w.org\/{rel}","templated":true}]}}