{"id":124,"date":"2025-11-04T13:35:49","date_gmt":"2025-11-04T10:35:49","guid":{"rendered":"https:\/\/rhodamine.artikaravan.com\/?page_id=124"},"modified":"2025-12-09T23:24:16","modified_gmt":"2025-12-09T20:24:16","slug":"colle-pour-carton-ondule","status":"publish","type":"page","link":"https:\/\/rhodamine.com.tr\/fr\/colle-pour-carton-ondule\/","title":{"rendered":"Colle pour carton ondul\u00e9"},"content":{"rendered":"<section class=\"l-section wpb_row height_auto width_full\"><div class=\"l-section-h i-cf\"><div class=\"g-cols vc_row via_grid cols_1 laptops-cols_inherit tablets-cols_inherit mobiles-cols_1 valign_top type_default stacking_default\"><div class=\"wpb_column vc_column_container\"><div class=\"vc_column-inner\"><div class=\"w-image has_ratio align_none\"><div class=\"w-image-h\"><div style=\"padding-bottom:31.0345%\"><\/div><img loading=\"lazy\" decoding=\"async\" width=\"1920\" height=\"725\" src=\"https:\/\/rhodamine.com.tr\/fr\/wp-content\/uploads\/2025\/12\/corrugated.jpg\" class=\"attachment-full size-full\" alt=\"\" srcset=\"https:\/\/rhodamine.com.tr\/fr\/wp-content\/uploads\/2025\/12\/corrugated.jpg 1920w, https:\/\/rhodamine.com.tr\/fr\/wp-content\/uploads\/2025\/12\/corrugated-300x113.jpg 300w, https:\/\/rhodamine.com.tr\/fr\/wp-content\/uploads\/2025\/12\/corrugated-1024x387.jpg 1024w\" sizes=\"auto, (max-width: 1920px) 100vw, 1920px\" \/><\/div><\/div><\/div><\/div><\/div><\/div><\/section><section class=\"l-section wpb_row height_medium\"><div class=\"l-section-h i-cf\"><div class=\"g-cols vc_row via_grid cols_1 laptops-cols_inherit tablets-cols_inherit mobiles-cols_1 valign_top type_default stacking_default\"><div class=\"wpb_column vc_column_container\"><div class=\"vc_column-inner\"><div class=\"wpb_text_column\"><div class=\"wpb_wrapper\"><h1><strong>DO-PLY \u2013 Colle Pr\u00eate \u00e0 l\u2019Emploi pour Carton Ondul\u00e9<\/strong><\/h1>\n<p>Rapide. Propre. Fiable.<\/p>\n<p>Dites adieu \u00e0 la cuisson, au chauffage et aux pr\u00e9parations compliqu\u00e9es. DO-PLY se m\u00e9lange facilement \u00e0 l\u2019eau froide ou \u00e0 temp\u00e9rature ambiante, vous offrant une colle pr\u00eate \u00e0 l\u2019emploi en quelques minutes.<\/p>\n<p><strong>Pourquoi choisir DO-PLY ?<\/strong><\/p>\n<p>\u2022 <strong>Pr\u00e9paration instantan\u00e9e<\/strong> \u2013 sans produits chimiques, sans tracas.<br \/>\n\u2022 <strong>Adh\u00e9sion forte<\/strong> \u2013 parfaite pour carton ondul\u00e9 simple, double ou triple cannelure.<br \/>\n\u2022 <strong>S\u00fbr et \u00e9cologique<\/strong> \u2013 inodore, non toxique et biod\u00e9gradable.<br \/>\n\u2022 <strong>Haute efficacit\u00e9<\/strong> \u2013 con\u00e7u pour des ondulatrices \u00e0 grande vitesse, \u00e9conomisant temps et \u00e9nergie.<\/p>\n<p>Simplifiez votre production, augmentez l\u2019efficacit\u00e9 et assurez des liaisons fiables avec DO-PLY. C\u2019est la solution pr\u00eate \u00e0 l\u2019emploi qui rend votre processus de ondulation plus fluide, s\u00fbr et rapide.<\/p>\n<p>\ud83d\udce9 <a href=\"\/fr\/formulaire-de-contact\/\">Contactez-nous<\/a> pour demander un \u00e9chantillon ou d\u00e9couvrir comment DO-PLY peut transformer votre production de carton ondul\u00e9.<\/p>\n<\/div><\/div><\/div><\/div><\/div><\/div><\/section>\n","protected":false},"excerpt":{"rendered":"DO-PLY \u2013 Colle Pr\u00eate \u00e0 l\u2019Emploi pour Carton Ondul\u00e9 Rapide. Propre. Fiable. Dites adieu \u00e0 la cuisson, au chauffage et aux pr\u00e9parations compliqu\u00e9es. DO-PLY se m\u00e9lange facilement \u00e0 l\u2019eau froide ou \u00e0 temp\u00e9rature ambiante, vous offrant une colle pr\u00eate \u00e0 l\u2019emploi en quelques minutes. Pourquoi choisir DO-PLY ? \u2022 Pr\u00e9paration instantan\u00e9e \u2013 sans produits chimiques,...","protected":false},"author":1,"featured_media":0,"parent":0,"menu_order":0,"comment_status":"closed","ping_status":"closed","template":"","meta":{"footnotes":""},"class_list":["post-124","page","type-page","status-publish","hentry"],"_links":{"self":[{"href":"https:\/\/rhodamine.com.tr\/fr\/wp-json\/wp\/v2\/pages\/124","targetHints":{"allow":["GET"]}}],"collection":[{"href":"https:\/\/rhodamine.com.tr\/fr\/wp-json\/wp\/v2\/pages"}],"about":[{"href":"https:\/\/rhodamine.com.tr\/fr\/wp-json\/wp\/v2\/types\/page"}],"author":[{"embeddable":true,"href":"https:\/\/rhodamine.com.tr\/fr\/wp-json\/wp\/v2\/users\/1"}],"replies":[{"embeddable":true,"href":"https:\/\/rhodamine.com.tr\/fr\/wp-json\/wp\/v2\/comments?post=124"}],"version-history":[{"count":9,"href":"https:\/\/rhodamine.com.tr\/fr\/wp-json\/wp\/v2\/pages\/124\/revisions"}],"predecessor-version":[{"id":407,"href":"https:\/\/rhodamine.com.tr\/fr\/wp-json\/wp\/v2\/pages\/124\/revisions\/407"}],"wp:attachment":[{"href":"https:\/\/rhodamine.com.tr\/fr\/wp-json\/wp\/v2\/media?parent=124"}],"curies":[{"name":"wp","href":"https:\/\/api.w.org\/{rel}","templated":true}]}}