{"id":126,"date":"2025-11-04T13:37:16","date_gmt":"2025-11-04T10:37:16","guid":{"rendered":"https:\/\/rhodamine.artikaravan.com\/?page_id=126"},"modified":"2025-12-19T10:37:41","modified_gmt":"2025-12-19T07:37:41","slug":"plastisol","status":"publish","type":"page","link":"https:\/\/rhodamine.com.tr\/fr\/plastisol\/","title":{"rendered":"Plastisol"},"content":{"rendered":"<section class=\"l-section wpb_row height_auto width_full\"><div class=\"l-section-h i-cf\"><div class=\"g-cols vc_row via_grid cols_1 laptops-cols_inherit tablets-cols_inherit mobiles-cols_1 valign_top type_default stacking_default\"><div class=\"wpb_column vc_column_container\"><div class=\"vc_column-inner\"><div class=\"w-image has_ratio align_none\"><div class=\"w-image-h\"><div style=\"padding-bottom:31.0345%\"><\/div><img loading=\"lazy\" decoding=\"async\" width=\"1270\" height=\"400\" src=\"https:\/\/rhodamine.com.tr\/fr\/wp-content\/uploads\/2025\/11\/rhodamine2.jpg\" class=\"attachment-full size-full\" alt=\"\" srcset=\"https:\/\/rhodamine.com.tr\/fr\/wp-content\/uploads\/2025\/11\/rhodamine2.jpg 1270w, https:\/\/rhodamine.com.tr\/fr\/wp-content\/uploads\/2025\/11\/rhodamine2-300x94.jpg 300w, https:\/\/rhodamine.com.tr\/fr\/wp-content\/uploads\/2025\/11\/rhodamine2-1024x323.jpg 1024w\" sizes=\"auto, (max-width: 1270px) 100vw, 1270px\" \/><\/div><\/div><\/div><\/div><\/div><\/div><\/section><section class=\"l-section wpb_row height_medium\"><div class=\"l-section-h i-cf\"><div class=\"g-cols vc_row via_grid cols_1 laptops-cols_inherit tablets-cols_inherit mobiles-cols_1 valign_top type_default stacking_default\"><div class=\"wpb_column vc_column_container\"><div class=\"vc_column-inner\"><div class=\"wpb_text_column\"><div class=\"wpb_wrapper\"><h1><strong>Encres Plastisol pour Textiles \u2013 Sans Phtalates &amp; Haute Performance<\/strong><\/h1>\n<p>Rhodamine Chemical Inc. propose une gamme compl\u00e8te d\u2019encres plastisol sans phtalates, con\u00e7ues pour l\u2019impression textile de haute qualit\u00e9. Nos encres plastisol offrent des couleurs brillantes, une excellente couvrance et une durabilit\u00e9 exceptionnelle, ce qui en fait le choix privil\u00e9gi\u00e9 des s\u00e9rigraphes du monde entier.<\/p>\n<p><strong>Pourquoi Choisir les Encres Plastisol Rhodamine<\/strong><\/p>\n<ul>\n<li>Formulation sans phtalates conforme aux r\u00e9glementations internationales de s\u00e9curit\u00e9<\/li>\n<li>Excellente opacit\u00e9 et vivacit\u00e9 des couleurs, m\u00eame sur tissus fonc\u00e9s<\/li>\n<li>Imprimabilit\u00e9 lisse et constante sur presses manuelles et automatiques<\/li>\n<li>Finition souple et durable avec une \u00e9lasticit\u00e9 sup\u00e9rieure<\/li>\n<\/ul>\n<p><strong>Applications<\/strong><br \/>Id\u00e9al pour l\u2019impression sur coton, polyester et tissus m\u00e9lang\u00e9s avec des techniques de s\u00e9rigraphie. Convient pour t-shirts, hoodies et autres v\u00eatements.<\/p>\n<p>\ud83d\udce9 <a href=\"\/fr\/formulaire-de-contact\/\">Contactez notre \u00e9quipe technique<\/a> pour discuter du syst\u00e8me le plus adapt\u00e9 \u00e0 vos besoins.<\/p>\n<\/div><\/div><\/div><\/div><\/div><\/div><\/section>\n","protected":false},"excerpt":{"rendered":"Encres Plastisol pour Textiles \u2013 Sans Phtalates &amp; Haute Performance Rhodamine Chemical Inc. propose une gamme compl\u00e8te d\u2019encres plastisol sans phtalates, con\u00e7ues pour l\u2019impression textile de haute qualit\u00e9. Nos encres plastisol offrent des couleurs brillantes, une excellente couvrance et une durabilit\u00e9 exceptionnelle, ce qui en fait le choix privil\u00e9gi\u00e9 des s\u00e9rigraphes du monde entier. Pourquoi...","protected":false},"author":1,"featured_media":0,"parent":0,"menu_order":0,"comment_status":"closed","ping_status":"closed","template":"","meta":{"footnotes":""},"class_list":["post-126","page","type-page","status-publish","hentry"],"_links":{"self":[{"href":"https:\/\/rhodamine.com.tr\/fr\/wp-json\/wp\/v2\/pages\/126","targetHints":{"allow":["GET"]}}],"collection":[{"href":"https:\/\/rhodamine.com.tr\/fr\/wp-json\/wp\/v2\/pages"}],"about":[{"href":"https:\/\/rhodamine.com.tr\/fr\/wp-json\/wp\/v2\/types\/page"}],"author":[{"embeddable":true,"href":"https:\/\/rhodamine.com.tr\/fr\/wp-json\/wp\/v2\/users\/1"}],"replies":[{"embeddable":true,"href":"https:\/\/rhodamine.com.tr\/fr\/wp-json\/wp\/v2\/comments?post=126"}],"version-history":[{"count":9,"href":"https:\/\/rhodamine.com.tr\/fr\/wp-json\/wp\/v2\/pages\/126\/revisions"}],"predecessor-version":[{"id":434,"href":"https:\/\/rhodamine.com.tr\/fr\/wp-json\/wp\/v2\/pages\/126\/revisions\/434"}],"wp:attachment":[{"href":"https:\/\/rhodamine.com.tr\/fr\/wp-json\/wp\/v2\/media?parent=126"}],"curies":[{"name":"wp","href":"https:\/\/api.w.org\/{rel}","templated":true}]}}