{"id":237,"date":"2025-12-02T13:24:24","date_gmt":"2025-12-02T10:24:24","guid":{"rendered":"https:\/\/rhodamine.artikaravan.com\/?page_id=237"},"modified":"2025-12-19T10:37:54","modified_gmt":"2025-12-19T07:37:54","slug":"a-base-deau","status":"publish","type":"page","link":"https:\/\/rhodamine.com.tr\/fr\/a-base-deau\/","title":{"rendered":"\u00c0 base d\u2019eau"},"content":{"rendered":"<section class=\"l-section wpb_row height_auto width_full\"><div class=\"l-section-h i-cf\"><div class=\"g-cols vc_row via_grid cols_1 laptops-cols_inherit tablets-cols_inherit mobiles-cols_1 valign_top type_default stacking_default\"><div class=\"wpb_column vc_column_container\"><div class=\"vc_column-inner\"><div class=\"w-image has_ratio align_none\"><div class=\"w-image-h\"><div style=\"padding-bottom:31.0345%\"><\/div><img loading=\"lazy\" decoding=\"async\" width=\"2048\" height=\"1152\" src=\"https:\/\/rhodamine.com.tr\/fr\/wp-content\/uploads\/2025\/12\/Printed-Fabric.jpg\" class=\"attachment-full size-full\" alt=\"\" srcset=\"https:\/\/rhodamine.com.tr\/fr\/wp-content\/uploads\/2025\/12\/Printed-Fabric.jpg 2048w, https:\/\/rhodamine.com.tr\/fr\/wp-content\/uploads\/2025\/12\/Printed-Fabric-300x169.jpg 300w, https:\/\/rhodamine.com.tr\/fr\/wp-content\/uploads\/2025\/12\/Printed-Fabric-1024x576.jpg 1024w\" sizes=\"auto, (max-width: 2048px) 100vw, 2048px\" \/><\/div><\/div><\/div><\/div><\/div><\/div><\/section><section class=\"l-section wpb_row height_medium\"><div class=\"l-section-h i-cf\"><div class=\"g-cols vc_row via_grid cols_1 laptops-cols_inherit tablets-cols_inherit mobiles-cols_1 valign_top type_default stacking_default\"><div class=\"wpb_column vc_column_container\"><div class=\"vc_column-inner\"><div class=\"wpb_text_column\"><div class=\"wpb_wrapper\"><h1><strong>Encres Textiles \u00e0 Base d\u2019Eau \u2013 \u00c9cologiques &amp; Toucher Doux<\/strong><\/h1>\n<p>Nos encres textiles \u00e0 base d\u2019eau sont d\u00e9velopp\u00e9es pour les imprimeurs soucieux de l\u2019environnement, du confort et de la qualit\u00e9 d\u2019impression. Elles offrent un toucher doux, respirant et des couleurs vives tout en maintenant une haute efficacit\u00e9 de production.<\/p>\n<p><strong>Pourquoi Choisir les Encres Textiles \u00e0 Base d\u2019Eau Rhodamine<\/strong><\/p>\n<ul>\n<li>Formulation \u00e9cologique \u00e0 base d\u2019eau<\/li>\n<li>Impressions douces et respirantes pour un confort optimal<\/li>\n<li>Excellente stabilit\u00e9 au tamis et constance de l\u2019impression<\/li>\n<li>S\u00e9chage rapide et haute r\u00e9sistance au lavage<\/li>\n<li>Convient aux machines d\u2019impression manuelles et automatiques<\/li>\n<\/ul>\n<p><strong>Applications<\/strong><br \/>Parfait pour les v\u00eatements en coton biologique, v\u00eatements pour b\u00e9b\u00e9s, pr\u00eat-\u00e0-porter, textiles maison et produits \u00e9cologiques.<\/p>\n<p>\ud83d\udce9 <a href=\"\/fr\/formulaire-de-contact\/\">Contactez notre \u00e9quipe technique<\/a> pour discuter du syst\u00e8me le plus adapt\u00e9 \u00e0 vos besoins.<\/p>\n<\/div><\/div><\/div><\/div><\/div><\/div><\/section>\n","protected":false},"excerpt":{"rendered":"Encres Textiles \u00e0 Base d\u2019Eau \u2013 \u00c9cologiques &amp; Toucher Doux Nos encres textiles \u00e0 base d\u2019eau sont d\u00e9velopp\u00e9es pour les imprimeurs soucieux de l\u2019environnement, du confort et de la qualit\u00e9 d\u2019impression. Elles offrent un toucher doux, respirant et des couleurs vives tout en maintenant une haute efficacit\u00e9 de production. Pourquoi Choisir les Encres Textiles \u00e0...","protected":false},"author":1,"featured_media":0,"parent":0,"menu_order":0,"comment_status":"closed","ping_status":"closed","template":"","meta":{"footnotes":""},"class_list":["post-237","page","type-page","status-publish","hentry"],"_links":{"self":[{"href":"https:\/\/rhodamine.com.tr\/fr\/wp-json\/wp\/v2\/pages\/237","targetHints":{"allow":["GET"]}}],"collection":[{"href":"https:\/\/rhodamine.com.tr\/fr\/wp-json\/wp\/v2\/pages"}],"about":[{"href":"https:\/\/rhodamine.com.tr\/fr\/wp-json\/wp\/v2\/types\/page"}],"author":[{"embeddable":true,"href":"https:\/\/rhodamine.com.tr\/fr\/wp-json\/wp\/v2\/users\/1"}],"replies":[{"embeddable":true,"href":"https:\/\/rhodamine.com.tr\/fr\/wp-json\/wp\/v2\/comments?post=237"}],"version-history":[{"count":6,"href":"https:\/\/rhodamine.com.tr\/fr\/wp-json\/wp\/v2\/pages\/237\/revisions"}],"predecessor-version":[{"id":435,"href":"https:\/\/rhodamine.com.tr\/fr\/wp-json\/wp\/v2\/pages\/237\/revisions\/435"}],"wp:attachment":[{"href":"https:\/\/rhodamine.com.tr\/fr\/wp-json\/wp\/v2\/media?parent=237"}],"curies":[{"name":"wp","href":"https:\/\/api.w.org\/{rel}","templated":true}]}}