{"id":27,"date":"2025-11-03T20:20:06","date_gmt":"2025-11-03T20:20:06","guid":{"rendered":"https:\/\/rhodamine.artikaravan.com\/?page_id=27"},"modified":"2026-04-15T16:16:43","modified_gmt":"2026-04-15T13:16:43","slug":"anasayfa","status":"publish","type":"page","link":"https:\/\/rhodamine.com.tr\/fr\/","title":{"rendered":"Homepage"},"content":{"rendered":"<section class=\"l-section wpb_row height_auto width_full\"><div class=\"l-section-h i-cf\"><div class=\"g-cols vc_row via_grid cols_1 laptops-cols_inherit tablets-cols_inherit mobiles-cols_1 valign_top type_default stacking_default\"><div class=\"wpb_column vc_column_container\"><div class=\"vc_column-inner\"><div class=\"w-image has_ratio align_none\"><div class=\"w-image-h\"><div style=\"padding-bottom:42.8571%\"><\/div><img loading=\"lazy\" decoding=\"async\" width=\"2560\" height=\"1707\" src=\"https:\/\/rhodamine.com.tr\/fr\/wp-content\/uploads\/2025\/12\/Ana-sayfa-2-scaled.jpg\" class=\"attachment-full size-full\" alt=\"\" srcset=\"https:\/\/rhodamine.com.tr\/fr\/wp-content\/uploads\/2025\/12\/Ana-sayfa-2-scaled.jpg 2560w, https:\/\/rhodamine.com.tr\/fr\/wp-content\/uploads\/2025\/12\/Ana-sayfa-2-300x200.jpg 300w, https:\/\/rhodamine.com.tr\/fr\/wp-content\/uploads\/2025\/12\/Ana-sayfa-2-1024x683.jpg 1024w\" sizes=\"auto, (max-width: 2560px) 100vw, 2560px\" \/><\/div><\/div><\/div><\/div><\/div><\/div><\/section><section class=\"l-section wpb_row height_small\"><div class=\"l-section-h i-cf\"><div class=\"g-cols vc_row via_grid cols_2 laptops-cols_inherit tablets-cols_inherit mobiles-cols_1 valign_top type_default stacking_default\"><div class=\"wpb_column vc_column_container\"><div class=\"vc_column-inner\"><div class=\"wpb_text_column\"><div class=\"wpb_wrapper\"><h1>\u00c0 propos de Rhodamine Chemical Inc.<\/h1>\n<p data-start=\"151\" data-end=\"375\">Rhodamine Chemical Inc. est un fabricant d\u2019encres pour emballages flexibles, d\u2019adh\u00e9sifs de lamination, de solutions cold seal, de vernis thermoscellants et de rev\u00eatements destin\u00e9s \u00e0 l\u2019industrie mondiale de la transformation.<br \/>\nNous proposons des solutions haute performance pour l\u2019emballage flexible, con\u00e7ues pour des substrats tels que BOPP, PET, BOPA (NY), CPP, PE, aluminium et papier.<br \/>\nNos produits garantissent une excellente qualit\u00e9 d\u2019impression, une forte adh\u00e9sion et une performance de scellage fiable.<br \/>\nToutes nos formulations sont d\u00e9velopp\u00e9es conform\u00e9ment aux r\u00e9glementations de l\u2019UE et aux normes FDA, r\u00e9pondant aux exigences des applications d\u2019emballage alimentaire et non alimentaire, avec un fort accent sur la performance, la constance et la durabilit\u00e9.<br \/>\nBas\u00e9e \u00e0 Izmir, en Turquie, Rhodamine Chemical Inc. accompagne les transformateurs et fabricants d\u2019emballages en Europe et aux \u00c9tats-Unis avec des solutions fiables et innovantes.<\/p>\n<\/div><\/div><div class=\"w-separator size_custom\" style=\"height:15px\"><\/div><div class=\"w-btn-wrapper align_none\"><a class=\"w-btn us-btn-style_1\" href=\"\/fr\/a-propos-de-nous\/\"><span class=\"w-btn-label\">En savoir plus<\/span><\/a><\/div><\/div><\/div><div class=\"wpb_column vc_column_container\"><div class=\"vc_column-inner\"><div class=\"w-image align_none\"><div class=\"w-image-h\"><img loading=\"lazy\" decoding=\"async\" width=\"1600\" height=\"1066\" src=\"https:\/\/rhodamine.com.tr\/fr\/wp-content\/uploads\/2025\/12\/WhatsApp-Image-2025-12-04-at-15.40.09_5f4d6aac.jpg\" class=\"attachment-full size-full\" alt=\"\" srcset=\"https:\/\/rhodamine.com.tr\/fr\/wp-content\/uploads\/2025\/12\/WhatsApp-Image-2025-12-04-at-15.40.09_5f4d6aac.jpg 1600w, https:\/\/rhodamine.com.tr\/fr\/wp-content\/uploads\/2025\/12\/WhatsApp-Image-2025-12-04-at-15.40.09_5f4d6aac-300x200.jpg 300w, https:\/\/rhodamine.com.tr\/fr\/wp-content\/uploads\/2025\/12\/WhatsApp-Image-2025-12-04-at-15.40.09_5f4d6aac-1024x682.jpg 1024w\" sizes=\"auto, (max-width: 1600px) 100vw, 1600px\" \/><\/div><\/div><div class=\"wpb_text_column\"><div class=\"wpb_wrapper\"><p style=\"text-align: center;\"><strong><br \/>Inspir\u00e9 par la nature. Con\u00e7u pour l\u2019impression<\/strong><\/p>\n<\/div><\/div><\/div><\/div><\/div><\/div><\/section><section class=\"l-section wpb_row height_small\"><div class=\"l-section-h i-cf\"><div class=\"g-cols vc_row via_grid cols_1 laptops-cols_inherit tablets-cols_inherit mobiles-cols_1 valign_top type_default stacking_default\"><div class=\"wpb_column vc_column_container\"><div class=\"vc_column-inner\"><div class=\"g-cols wpb_row via_grid cols_1 laptops-cols_inherit tablets-cols_inherit mobiles-cols_1 valign_top type_default stacking_default\"><div class=\"wpb_column vc_column_container\"><div class=\"vc_column-inner\"><div class=\"wpb_text_column\"><div class=\"wpb_wrapper\"><h2><strong>Nos produits<\/strong><\/h2>\n<\/div><\/div><div class=\"w-separator size_small\"><\/div><\/div><\/div><\/div><div class=\"g-cols wpb_row via_grid cols_4 laptops-cols_inherit tablets-cols_inherit mobiles-cols_2 valign_top type_default stacking_default\" style=\"grid-gap:0.7rem;\"><div class=\"wpb_column vc_column_container\"><div class=\"vc_column-inner\"><div class=\"w-ibanner animation_phorcys ratio_1x1 easing_ease\"><div class=\"w-ibanner-h\"><div class=\"w-ibanner-image\" style=\"background-image: url(https:\/\/rhodamine.com.tr\/fr\/wp-content\/uploads\/2025\/11\/185c.png)\"><\/div><div class=\"w-ibanner-content\"><div class=\"w-ibanner-content-h\"><h5 class=\"w-ibanner-title\">Encres \u00e0 base de solvants<\/h5><div class=\"w-ibanner-desc\"><\/div><\/div><\/div><\/div><a href=\"\/fr\/encres-a-base-de-solvants\/\" aria-label=\"Encres \u00e0 base de solvants\"><\/a><\/div><\/div><\/div><div class=\"wpb_column vc_column_container\"><div class=\"vc_column-inner\"><div class=\"w-ibanner animation_phorcys ratio_1x1 easing_ease\"><div class=\"w-ibanner-h\"><div class=\"w-ibanner-image\" style=\"background-image: url(https:\/\/rhodamine.com.tr\/fr\/wp-content\/uploads\/2025\/11\/001489.png)\"><\/div><div class=\"w-ibanner-content\"><div class=\"w-ibanner-content-h\"><h5 class=\"w-ibanner-title\">Encres \u00e0 base d\u2019eau<\/h5><div class=\"w-ibanner-desc\"><\/div><\/div><\/div><\/div><a href=\"https:\/\/rhodamine.com.tr\/fr\/encres-a-base-deau\/\" aria-label=\"Encres \u00e0 base d\u2019eau\"><\/a><\/div><\/div><\/div><div class=\"wpb_column vc_column_container\"><div class=\"vc_column-inner\"><div class=\"w-ibanner animation_phorcys ratio_1x1 easing_ease\"><div class=\"w-ibanner-h\"><div class=\"w-ibanner-image\" style=\"background-image: url(https:\/\/rhodamine.com.tr\/fr\/wp-content\/uploads\/2025\/11\/345c-300x300.png)\"><\/div><div class=\"w-ibanner-content\"><div class=\"w-ibanner-content-h\"><h5 class=\"w-ibanner-title\">Adh\u00e9sifs de lamination<\/h5><div class=\"w-ibanner-desc\"><\/div><\/div><\/div><\/div><a href=\"https:\/\/rhodamine.com.tr\/fr\/adhesifs-de-lamination\/\" aria-label=\"Adh\u00e9sifs de lamination\"><\/a><\/div><\/div><\/div><div class=\"wpb_column vc_column_container\"><div class=\"vc_column-inner\"><div class=\"w-ibanner animation_phorcys ratio_1x1 easing_ease\"><div class=\"w-ibanner-h\"><div class=\"w-ibanner-image\" style=\"background-image: url(https:\/\/rhodamine.com.tr\/fr\/wp-content\/uploads\/2025\/11\/images-1.jpeg)\"><\/div><div class=\"w-ibanner-content\"><div class=\"w-ibanner-content-h\"><h5 class=\"w-ibanner-title\">Encres offset<\/h5><div class=\"w-ibanner-desc\"><\/div><\/div><\/div><\/div><a href=\"https:\/\/rhodamine.com.tr\/fr\/encres-offset\/\" aria-label=\"Encres offset\"><\/a><\/div><\/div><\/div><\/div><div class=\"w-separator size_small\"><\/div><div class=\"g-cols wpb_row via_grid cols_4 laptops-cols_inherit tablets-cols_inherit mobiles-cols_2 valign_top type_default stacking_default\" style=\"grid-gap:0.7rem;\"><div class=\"wpb_column vc_column_container\"><div class=\"vc_column-inner\"><div class=\"w-ibanner animation_phorcys ratio_1x1 easing_ease\"><div class=\"w-ibanner-h\"><div class=\"w-ibanner-image\" style=\"background-image: url(https:\/\/rhodamine.com.tr\/fr\/wp-content\/uploads\/2025\/11\/CoolGrey5c.png)\"><\/div><div class=\"w-ibanner-content\"><div class=\"w-ibanner-content-h\"><h5 class=\"w-ibanner-title\">Laque thermoscellable<\/h5><div class=\"w-ibanner-desc\"><\/div><\/div><\/div><\/div><a href=\"https:\/\/rhodamine.com.tr\/fr\/laques-thermoscellables\" aria-label=\"Laque thermoscellable\"><\/a><\/div><\/div><\/div><div class=\"wpb_column vc_column_container\"><div class=\"vc_column-inner\"><div class=\"w-ibanner animation_phorcys ratio_1x1 easing_ease\"><div class=\"w-ibanner-h\"><div class=\"w-ibanner-image\" style=\"background-image: url(https:\/\/rhodamine.com.tr\/fr\/wp-content\/uploads\/2025\/11\/550c.png)\"><\/div><div class=\"w-ibanner-content\"><div class=\"w-ibanner-content-h\"><h5 class=\"w-ibanner-title\">Adh\u00e9sifs \u00e0 froid<\/h5><div class=\"w-ibanner-desc\"><\/div><\/div><\/div><\/div><a href=\"https:\/\/rhodamine.com.tr\/fr\/adhesifs-a-froid\/\" aria-label=\"Adh\u00e9sifs \u00e0 froid\"><\/a><\/div><\/div><\/div><div class=\"wpb_column vc_column_container\"><div class=\"vc_column-inner\"><div class=\"w-ibanner animation_phorcys ratio_1x1 easing_ease\"><div class=\"w-ibanner-h\"><div class=\"w-ibanner-image\" style=\"background-image: url(https:\/\/rhodamine.com.tr\/fr\/wp-content\/uploads\/2025\/11\/pantone-color-chip-465-c.jpg)\"><\/div><div class=\"w-ibanner-content\"><div class=\"w-ibanner-content-h\"><h5 class=\"w-ibanner-title\">Colle pour carton ondul\u00e9<\/h5><div class=\"w-ibanner-desc\"><\/div><\/div><\/div><\/div><a href=\"https:\/\/rhodamine.com.tr\/fr\/colle-pour-carton-ondule\/\" aria-label=\"Colle pour carton ondul\u00e9\"><\/a><\/div><\/div><\/div><div class=\"wpb_column vc_column_container\"><div class=\"vc_column-inner\"><div class=\"w-ibanner animation_phorcys ratio_1x1 easing_ease\"><div class=\"w-ibanner-h\"><div class=\"w-ibanner-image\" style=\"background-image: url(https:\/\/rhodamine.com.tr\/fr\/wp-content\/uploads\/2025\/11\/pantone-color-chip-black-6-c.jpg)\"><\/div><div class=\"w-ibanner-content\"><div class=\"w-ibanner-content-h\"><h5 class=\"w-ibanner-title\">Encres textiles<\/h5><div class=\"w-ibanner-desc\"><\/div><\/div><\/div><\/div><a href=\"https:\/\/rhodamine.com.tr\/fr\/encres-textiles\" aria-label=\"Encres textiles\"><\/a><\/div><\/div><\/div><\/div><\/div><\/div><\/div><\/div><\/section><section class=\"l-section wpb_row height_medium\"><div class=\"l-section-h i-cf\"><div class=\"g-cols vc_row via_grid cols_1 laptops-cols_inherit tablets-cols_inherit mobiles-cols_1 valign_top type_default stacking_default\"><div class=\"wpb_column vc_column_container\"><div class=\"vc_column-inner\"><div class=\"wpb_text_column\"><div class=\"wpb_wrapper\"><h2><strong>Notre \u00e9quipe<\/strong><\/h2>\n<\/div><\/div><div class=\"w-separator size_small\"><\/div><div class=\"g-cols wpb_row via_grid cols_2 laptops-cols_inherit tablets-cols_inherit mobiles-cols_1 valign_top type_default stacking_default\"><div class=\"wpb_column vc_column_container\"><div class=\"vc_column-inner\"><div class=\"w-ibanner animation_aphelia ratio_3x4 easing_ease\"><div class=\"w-ibanner-h\"><div class=\"w-ibanner-image\" style=\"background-image: url(https:\/\/rhodamine.com.tr\/fr\/wp-content\/uploads\/2025\/12\/WhatsApp-Image-2025-12-04-at-13.15.10.jpeg)\"><\/div><div class=\"w-ibanner-content\"><div class=\"w-ibanner-content-h\"><h3 class=\"w-ibanner-title\">H\u00fcseyin O\u011fuz Kavakl\u0131<\/h3><div class=\"w-ibanner-desc\"><p>Co-fondateur<br \/>\noguz.kavakli@rhodamine.com.tr<br \/>\n+90 549 790 04 25<\/p>\n<\/div><\/div><\/div><\/div><a href=\"mailto:oguz.kavakli@rhodamine.com.tr\" aria-label=\"H\u00fcseyin O\u011fuz Kavakl\u0131\"><\/a><\/div><\/div><\/div><div class=\"wpb_column vc_column_container\"><div class=\"vc_column-inner\"><div class=\"w-ibanner animation_aphelia ratio_3x4 easing_ease\"><div class=\"w-ibanner-h\"><div class=\"w-ibanner-image\" style=\"background-image: url(https:\/\/rhodamine.com.tr\/fr\/wp-content\/uploads\/2025\/12\/ata-tuzunsoy-bio.jpg)\"><\/div><div class=\"w-ibanner-content\"><div class=\"w-ibanner-content-h\"><h3 class=\"w-ibanner-title\">Ata T\u00fcz\u00fcnsoy<\/h3><div class=\"w-ibanner-desc\"><p>Co-fondateur<br \/>\nata.tuzunsoy@rhodamine.com.tr<br \/>\n+90 532 300 17 16<\/p>\n<\/div><\/div><\/div><\/div><a href=\"mailto:ata.tuzunsoy@rhodamine.com.tr\" aria-label=\"Ata T\u00fcz\u00fcnsoy\"><\/a><\/div><\/div><\/div><\/div><\/div><\/div><\/div><\/div><\/section>\n","protected":false},"excerpt":{"rendered":"\u00c0 propos de Rhodamine Chemical Inc. Rhodamine Chemical Inc. est un fabricant d\u2019encres pour emballages flexibles, d\u2019adh\u00e9sifs de lamination, de solutions cold seal, de vernis thermoscellants et de rev\u00eatements destin\u00e9s \u00e0 l\u2019industrie mondiale de la transformation. Nous proposons des solutions haute performance pour l\u2019emballage flexible, con\u00e7ues pour des substrats tels que BOPP, PET, BOPA (NY),...","protected":false},"author":1,"featured_media":0,"parent":0,"menu_order":0,"comment_status":"closed","ping_status":"closed","template":"","meta":{"footnotes":""},"class_list":["post-27","page","type-page","status-publish","hentry"],"_links":{"self":[{"href":"https:\/\/rhodamine.com.tr\/fr\/wp-json\/wp\/v2\/pages\/27","targetHints":{"allow":["GET"]}}],"collection":[{"href":"https:\/\/rhodamine.com.tr\/fr\/wp-json\/wp\/v2\/pages"}],"about":[{"href":"https:\/\/rhodamine.com.tr\/fr\/wp-json\/wp\/v2\/types\/page"}],"author":[{"embeddable":true,"href":"https:\/\/rhodamine.com.tr\/fr\/wp-json\/wp\/v2\/users\/1"}],"replies":[{"embeddable":true,"href":"https:\/\/rhodamine.com.tr\/fr\/wp-json\/wp\/v2\/comments?post=27"}],"version-history":[{"count":61,"href":"https:\/\/rhodamine.com.tr\/fr\/wp-json\/wp\/v2\/pages\/27\/revisions"}],"predecessor-version":[{"id":465,"href":"https:\/\/rhodamine.com.tr\/fr\/wp-json\/wp\/v2\/pages\/27\/revisions\/465"}],"wp:attachment":[{"href":"https:\/\/rhodamine.com.tr\/fr\/wp-json\/wp\/v2\/media?parent=27"}],"curies":[{"name":"wp","href":"https:\/\/api.w.org\/{rel}","templated":true}]}}