{"id":283,"date":"2025-12-05T12:01:38","date_gmt":"2025-12-05T09:01:38","guid":{"rendered":"https:\/\/rhodamine.com.tr\/?page_id=283"},"modified":"2025-12-09T21:41:36","modified_gmt":"2025-12-09T18:41:36","slug":"encres-a-base-de-solvants","status":"publish","type":"page","link":"https:\/\/rhodamine.com.tr\/fr\/encres-a-base-de-solvants\/","title":{"rendered":"Encres \u00e0 base de solvants"},"content":{"rendered":"<section class=\"l-section wpb_row height_small\"><div class=\"l-section-h i-cf\"><div class=\"g-cols vc_row via_grid cols_1 laptops-cols_inherit tablets-cols_inherit mobiles-cols_1 valign_top type_default stacking_default\"><div class=\"wpb_column vc_column_container\"><div class=\"vc_column-inner\"><div class=\"g-cols wpb_row via_grid cols_1 laptops-cols_inherit tablets-cols_inherit mobiles-cols_1 valign_top type_default stacking_default\"><div class=\"wpb_column vc_column_container\"><div class=\"vc_column-inner\"><div class=\"wpb_text_column\"><div class=\"wpb_wrapper\"><h2><strong>Encres \u00e0 base de solvants<\/strong><\/h2>\n<\/div><\/div><div class=\"w-separator size_small\"><\/div><\/div><\/div><\/div><div class=\"g-cols wpb_row via_grid cols_3 laptops-cols_inherit tablets-cols_inherit mobiles-cols_2 valign_top type_default stacking_default\" style=\"grid-gap:0.7rem;\"><div class=\"wpb_column vc_column_container\"><div class=\"vc_column-inner\"><div class=\"w-ibanner animation_phorcys ratio_1x1 easing_ease\"><div class=\"w-ibanner-h\"><div class=\"w-ibanner-image\" style=\"background-image: url(https:\/\/rhodamine.com.tr\/fr\/wp-content\/uploads\/2025\/12\/pantone-color-chip-rubine-red-c-kopyasi.jpg)\"><\/div><div class=\"w-ibanner-content\"><div class=\"w-ibanner-content-h\"><h5 class=\"w-ibanner-title\">Encres flexo<\/h5><div class=\"w-ibanner-desc\"><\/div><\/div><\/div><\/div><a href=\"\/fr\/encres-flexo\" aria-label=\"Encres flexo\"><\/a><\/div><\/div><\/div><div class=\"wpb_column vc_column_container\"><div class=\"vc_column-inner\"><div class=\"w-ibanner animation_phorcys ratio_1x1 easing_ease\"><div class=\"w-ibanner-h\"><div class=\"w-ibanner-image\" style=\"background-image: url(https:\/\/rhodamine.com.tr\/fr\/wp-content\/uploads\/2025\/12\/0c65720e-8090-4516-92be-968f83241057_large.png)\"><\/div><div class=\"w-ibanner-content\"><div class=\"w-ibanner-content-h\"><h5 class=\"w-ibanner-title\">Encres h\u00e9liogravure<\/h5><div class=\"w-ibanner-desc\"><\/div><\/div><\/div><\/div><a title=\"Encres h\u00e9liogravure\" href=\"\/fr\/encres-heliogravure\" aria-label=\"Encres h\u00e9liogravure\"><\/a><\/div><\/div><\/div><div class=\"wpb_column vc_column_container\"><div class=\"vc_column-inner\"><div class=\"w-ibanner animation_phorcys ratio_1x1 easing_ease\"><div class=\"w-ibanner-h\"><div class=\"w-ibanner-image\" style=\"background-image: url(https:\/\/rhodamine.com.tr\/fr\/wp-content\/uploads\/2025\/12\/DqiXaIVXgAAzBBW-300x300.jpg)\"><\/div><div class=\"w-ibanner-content\"><div class=\"w-ibanner-content-h\"><h5 class=\"w-ibanner-title\">Rev\u00eatements<\/h5><div class=\"w-ibanner-desc\"><\/div><\/div><\/div><\/div><a href=\"\/fr\/revetements\" aria-label=\"Rev\u00eatements\"><\/a><\/div><\/div><\/div><\/div><\/div><\/div><\/div><\/div><\/section>\n","protected":false},"excerpt":{"rendered":"Encres \u00e0 base de solvants Encres flexoEncres h\u00e9liogravureRev\u00eatements","protected":false},"author":1,"featured_media":0,"parent":0,"menu_order":0,"comment_status":"closed","ping_status":"closed","template":"","meta":{"footnotes":""},"class_list":["post-283","page","type-page","status-publish","hentry"],"_links":{"self":[{"href":"https:\/\/rhodamine.com.tr\/fr\/wp-json\/wp\/v2\/pages\/283","targetHints":{"allow":["GET"]}}],"collection":[{"href":"https:\/\/rhodamine.com.tr\/fr\/wp-json\/wp\/v2\/pages"}],"about":[{"href":"https:\/\/rhodamine.com.tr\/fr\/wp-json\/wp\/v2\/types\/page"}],"author":[{"embeddable":true,"href":"https:\/\/rhodamine.com.tr\/fr\/wp-json\/wp\/v2\/users\/1"}],"replies":[{"embeddable":true,"href":"https:\/\/rhodamine.com.tr\/fr\/wp-json\/wp\/v2\/comments?post=283"}],"version-history":[{"count":6,"href":"https:\/\/rhodamine.com.tr\/fr\/wp-json\/wp\/v2\/pages\/283\/revisions"}],"predecessor-version":[{"id":384,"href":"https:\/\/rhodamine.com.tr\/fr\/wp-json\/wp\/v2\/pages\/283\/revisions\/384"}],"wp:attachment":[{"href":"https:\/\/rhodamine.com.tr\/fr\/wp-json\/wp\/v2\/media?parent=283"}],"curies":[{"name":"wp","href":"https:\/\/api.w.org\/{rel}","templated":true}]}}