{"id":63,"date":"2025-11-04T08:42:18","date_gmt":"2025-11-04T08:42:18","guid":{"rendered":"https:\/\/rhodamine.artikaravan.com\/?page_id=63"},"modified":"2026-04-17T18:20:21","modified_gmt":"2026-04-17T15:20:21","slug":"a-propos-de-nous","status":"publish","type":"page","link":"https:\/\/rhodamine.com.tr\/fr\/a-propos-de-nous\/","title":{"rendered":"A\u0300 propos de nous"},"content":{"rendered":"<section class=\"l-section wpb_row height_medium\"><div class=\"l-section-h i-cf\"><div class=\"g-cols vc_row via_grid cols_1 laptops-cols_inherit tablets-cols_inherit mobiles-cols_1 valign_top type_default stacking_default\"><div class=\"wpb_column vc_column_container\"><div class=\"vc_column-inner\"><div class=\"wpb_text_column\"><div class=\"wpb_wrapper\"><h1><strong>Fabricant d\u2019encres, adh\u00e9sifs et rev\u00eatements pour emballages flexibles<\/strong><\/h1>\n<p><strong><em>Innover pour l\u2019avenir de la chimie des emballages flexibles<\/em><\/strong><\/p>\n<p data-start=\"293\" data-end=\"522\"><strong>Rhodamine Chemical Inc.<\/strong> est un fabricant d\u2019encres pour emballages flexibles, d\u2019adh\u00e9sifs de laminage, de colles cold seal, de vernis thermoscellants et de rev\u00eatements barri\u00e8res destin\u00e9s \u00e0 l\u2019industrie mondiale de la transformation.<\/p>\n<p data-start=\"524\" data-end=\"951\">Nous proposons des solutions haute performance pour l\u2019impression flexographique et h\u00e9liogravure, aidant les transformateurs et les propri\u00e9taires de marques \u00e0 obtenir des emballages s\u00fbrs, durables et visuellement performants. Gr\u00e2ce \u00e0 une expertise technique approfondie et une approche centr\u00e9e sur le client, nous fournissons des produits fiables et conformes pour les applications d\u2019emballages alimentaires et non alimentaires.<\/p>\n<p><strong>Notre vision dans l\u2019industrie des emballages flexibles<\/strong><\/p>\n<p>Devenir un partenaire mondial de confiance dans l\u2019industrie des emballages flexibles, en stimulant l\u2019innovation gr\u00e2ce \u00e0 des technologies durables et des solutions orient\u00e9es client.<\/p>\n<p><strong>Notre mission dans la fabrication d\u2019encres, d\u2019adh\u00e9sifs et de rev\u00eatements<\/strong><\/p>\n<p>Fournir des encres, des adh\u00e9sifs et des rev\u00eatements haute performance r\u00e9pondant aux exigences strictes de l\u2019emballage moderne, garantissant la s\u00e9curit\u00e9 des produits, l\u2019excellence visuelle et la responsabilit\u00e9 environnementale.<\/p>\n<p><strong>Notre Portefeuille de Produits pour l\u2019Emballage Flexible<\/strong><\/p>\n<p data-start=\"62\" data-end=\"304\">Notre portefeuille comprend des encres pour emballage flexible, des encres d\u2019impression flexographique, des encres h\u00e9liogravure, des adh\u00e9sifs de lamination, des cold seal, des vernis thermoscellables et des rev\u00eatements barri\u00e8res fonctionnels.<\/p>\n<p data-start=\"306\" data-end=\"431\">Nous d\u00e9veloppons et produisons une gamme compl\u00e8te de solutions pour les emballages flexibles et \u00e0 base de papier, notamment :<\/p>\n<ul data-start=\"433\" data-end=\"913\">\n<li data-section-id=\"52782e\" data-start=\"433\" data-end=\"527\">Encres \u00e0 base de solvants et \u00e0 base d\u2019eau pour l\u2019impression flexographique et h\u00e9liogravure<\/li>\n<li data-section-id=\"z3op4x\" data-start=\"528\" data-end=\"616\">Adh\u00e9sifs de lamination \u2014 syst\u00e8mes \u00e0 base de solvants, sans solvant et monocomposants<\/li>\n<li data-section-id=\"n26825\" data-start=\"617\" data-end=\"737\">Adh\u00e9sifs cold seal pour applications sensibles \u00e0 la chaleur telles que les emballages de chocolat et de cr\u00e8me glac\u00e9e<\/li>\n<li data-section-id=\"odkdnj\" data-start=\"738\" data-end=\"810\">Vernis thermoscellables pour opercules, blisters et capsules de caf\u00e9<\/li>\n<li data-section-id=\"9tj8kt\" data-start=\"811\" data-end=\"913\">Rev\u00eatements barri\u00e8res et sp\u00e9ciaux pour une protection renforc\u00e9e et des performances fonctionnelles<\/li>\n<\/ul>\n<p data-start=\"915\" data-end=\"1191\" data-is-last-node=\"\" data-is-only-node=\"\">Chaque produit est formul\u00e9 avec pr\u00e9cision \u2014 optimis\u00e9 pour l\u2019imprimabilit\u00e9, l\u2019adh\u00e9rence, le brillant et les propri\u00e9t\u00e9s de r\u00e9sistance, garantissant des performances constantes sur une large gamme de supports, notamment le BOPP, PET, BOPA (NY), CPP, PE, l\u2019aluminium et le papier.<\/p>\n<p><strong>Innovation &amp; Conformit\u00e9 en Chimie de l\u2019Emballage<\/strong><\/p>\n<p data-start=\"54\" data-end=\"333\">Notre force repose sur une innovation continue et une excellence r\u00e9glementaire.<br data-start=\"133\" data-end=\"136\" \/>Tous les produits de Rhodamine Chemical Inc. sont d\u00e9velopp\u00e9s en conformit\u00e9 avec les r\u00e9glementations de l\u2019UE et les normes de la FDA relatives aux mat\u00e9riaux en contact avec les denr\u00e9es alimentaires.<\/p>\n<p data-start=\"335\" data-end=\"624\">Nous investissons en continu dans la R&amp;D et l\u2019am\u00e9lioration de nos produits afin de r\u00e9pondre aux besoins en constante \u00e9volution des industries de l\u2019emballage et de la transformation \u2014 notamment la transition vers des syst\u00e8mes d\u2019emballage \u00e0 faible teneur en COV, sans solvant et recyclables.<\/p>\n<p data-start=\"626\" data-end=\"762\" data-is-last-node=\"\" data-is-only-node=\"\">Notre objectif n\u2019est pas seulement de r\u00e9pondre aux exigences de performance, mais aussi de contribuer \u00e0 l\u2019avenir de l\u2019emballage durable.<\/p>\n<p><strong>Approvisionnement Mondial en Encres, Adh\u00e9sifs et Rev\u00eatements pour l\u2019Emballage Flexible<\/strong><\/p>\n<p data-start=\"92\" data-end=\"314\">Bas\u00e9e \u00e0 <strong>Izmir \u2013 Turquie, Rhodamine Chemical Inc.<\/strong> fournit des encres, des adh\u00e9sifs et des rev\u00eatements pour l\u2019emballage flexible \u00e0 des clients \u00e0 travers l\u2019Europe, les \u00c9tats-Unis et d\u2019autres march\u00e9s cl\u00e9s \u00e0 l\u2019\u00e9chelle mondiale.<\/p>\n<p data-start=\"316\" data-end=\"356\">Nous accompagnons nos partenaires avec :<\/p>\n<ul data-start=\"358\" data-end=\"505\">\n<li data-section-id=\"1mmtlqo\" data-start=\"358\" data-end=\"394\">Une qualit\u00e9 de produit constante<\/li>\n<li data-section-id=\"7db9vr\" data-start=\"395\" data-end=\"451\">Un support technique et une expertise en formulation<\/li>\n<li data-section-id=\"18ipagy\" data-start=\"452\" data-end=\"505\">Un approvisionnement fiable et un service r\u00e9actif<\/li>\n<\/ul>\n<p data-start=\"507\" data-end=\"668\" data-is-last-node=\"\" data-is-only-node=\"\">Gr\u00e2ce \u00e0 l\u2019expansion de notre r\u00e9seau mondial, nous continuons de renforcer notre position en tant que fournisseur fiable pour l\u2019industrie de l\u2019emballage flexible.<\/p>\n<p><strong>Pourquoi Choisir Rhodamine Chemical Inc.<\/strong><\/p>\n<ul>\n<li>\ud83e\uddea Expertise avanc\u00e9e en R&amp;D \u2013 innovation continue dans les encres, adh\u00e9sifs et rev\u00eatements<\/li>\n<li>\ud83c\udf0d Conformit\u00e9 r\u00e9glementaire mondiale \u2013 formulations conformes aux r\u00e9glementations de l\u2019UE et de la FDA<\/li>\n<li>\ud83e\udd1d Partenariat client \u2013 solutions sur mesure et assistance technique r\u00e9active<\/li>\n<li>\u2699\ufe0f Gamme compl\u00e8te de produits \u2013 des encres aux adh\u00e9sifs et rev\u00eatements<\/li>\n<li>\ud83c\udf3f Engagement en faveur de la durabilit\u00e9 \u2013 d\u00e9veloppement de solutions \u00e9coresponsables pour l\u2019emballage de demain\ud83e\uddea Expertise R&amp;D avanc\u00e9e<\/li>\n<\/ul>\n<p><strong>Notre Engagement<\/strong><\/p>\n<p data-start=\"22\" data-end=\"390\">Chez <strong>Rhodamine Chemical Inc.<\/strong>, la chimie est bien plus qu\u2019une science \u2014 c\u2019est un partenariat, la performance et une raison d\u2019\u00eatre.<br data-start=\"151\" data-end=\"154\" \/>Nous collaborons \u00e9troitement avec les transformateurs, les imprimeurs et les fabricants d\u2019emballages afin de d\u00e9velopper des solutions fiables, conformes et performantes, rendant les emballages plus s\u00fbrs, plus efficaces et plus durables.<\/p>\n<p data-start=\"392\" data-end=\"450\" data-is-last-node=\"\" data-is-only-node=\"\">Ensemble, nous fa\u00e7onnons l\u2019avenir de l\u2019emballage flexible.<\/p>\n<p>\ud83d\udce9 <a href=\"\/fr\/formulaire-de-contact\/\"><strong>Contactez-nous<\/strong><\/a> Pour d\u00e9couvrir comment Rhodamine peut accompagner votre prochain projet en chimie de l\u2019impression et de l\u2019emballage.<\/p>\n<p><strong>Questions Fr\u00e9quemment Pos\u00e9es<\/strong><\/p>\n<p data-start=\"34\" data-end=\"333\"><strong data-start=\"34\" data-end=\"103\">Quels types de produits Rhodamine Chemical Inc. fabrique-t-elle ?<\/strong><br data-start=\"103\" data-end=\"106\" \/>Nous fabriquons des encres pour l\u2019emballage flexible, y compris des encres flexographiques et h\u00e9liogravure, ainsi que des adh\u00e9sifs de lamination, des adh\u00e9sifs cold seal, des vernis thermoscellables et des rev\u00eatements barri\u00e8res.<\/p>\n<p data-start=\"335\" data-end=\"588\"><strong data-start=\"335\" data-end=\"421\">Vos produits sont-ils conformes aux r\u00e9glementations pour l\u2019emballage alimentaire ?<\/strong><br data-start=\"421\" data-end=\"424\" \/>Oui, nos produits sont d\u00e9velopp\u00e9s conform\u00e9ment aux r\u00e9glementations de l\u2019UE et aux normes de la FDA relatives aux mat\u00e9riaux en contact avec les denr\u00e9es alimentaires.<\/p>\n<p data-start=\"590\" data-end=\"798\"><strong data-start=\"590\" data-end=\"622\">Quels secteurs servez-vous ?<\/strong><br data-start=\"622\" data-end=\"625\" \/>Nous accompagnons les transformateurs et les fabricants d\u2019emballages dans les secteurs de l\u2019emballage flexible, tant pour les applications alimentaires que non alimentaires.<\/p>\n<p data-start=\"800\" data-end=\"947\" data-is-last-node=\"\" data-is-only-node=\"\"><strong data-start=\"800\" data-end=\"839\">Fournissez-vous \u00e0 l\u2019international ?<\/strong><br data-start=\"839\" data-end=\"842\" \/>Oui, nous approvisionnons des clients en Europe, aux \u00c9tats-Unis ainsi que sur les march\u00e9s internationaux.<\/p>\n<p data-start=\"800\" data-end=\"947\" data-is-last-node=\"\" data-is-only-node=\"\">\ud83d\udce9 <a href=\"\/fr\/formulaire-de-contact\/\"><strong>Contactez-nous<\/strong><\/a> Pour d\u00e9couvrir comment Rhodamine peut accompagner votre prochain projet en chimie de l\u2019impression et de l\u2019emballage.<\/p>\n<\/div><\/div><\/div><\/div><\/div><\/div><\/section>\n","protected":false},"excerpt":{"rendered":"Fabricant d\u2019encres, adh\u00e9sifs et rev\u00eatements pour emballages flexibles Innover pour l\u2019avenir de la chimie des emballages flexibles Rhodamine Chemical Inc. est un fabricant d\u2019encres pour emballages flexibles, d\u2019adh\u00e9sifs de laminage, de colles cold seal, de vernis thermoscellants et de rev\u00eatements barri\u00e8res destin\u00e9s \u00e0 l\u2019industrie mondiale de la transformation. Nous proposons des solutions haute performance pour...","protected":false},"author":1,"featured_media":0,"parent":0,"menu_order":0,"comment_status":"closed","ping_status":"closed","template":"","meta":{"footnotes":""},"class_list":["post-63","page","type-page","status-publish","hentry"],"_links":{"self":[{"href":"https:\/\/rhodamine.com.tr\/fr\/wp-json\/wp\/v2\/pages\/63","targetHints":{"allow":["GET"]}}],"collection":[{"href":"https:\/\/rhodamine.com.tr\/fr\/wp-json\/wp\/v2\/pages"}],"about":[{"href":"https:\/\/rhodamine.com.tr\/fr\/wp-json\/wp\/v2\/types\/page"}],"author":[{"embeddable":true,"href":"https:\/\/rhodamine.com.tr\/fr\/wp-json\/wp\/v2\/users\/1"}],"replies":[{"embeddable":true,"href":"https:\/\/rhodamine.com.tr\/fr\/wp-json\/wp\/v2\/comments?post=63"}],"version-history":[{"count":12,"href":"https:\/\/rhodamine.com.tr\/fr\/wp-json\/wp\/v2\/pages\/63\/revisions"}],"predecessor-version":[{"id":466,"href":"https:\/\/rhodamine.com.tr\/fr\/wp-json\/wp\/v2\/pages\/63\/revisions\/466"}],"wp:attachment":[{"href":"https:\/\/rhodamine.com.tr\/fr\/wp-json\/wp\/v2\/media?parent=63"}],"curies":[{"name":"wp","href":"https:\/\/api.w.org\/{rel}","templated":true}]}}