{"id":66,"date":"2025-11-04T09:51:15","date_gmt":"2025-11-04T09:51:15","guid":{"rendered":"https:\/\/rhodamine.artikaravan.com\/?page_id=66"},"modified":"2026-04-18T12:18:44","modified_gmt":"2026-04-18T09:18:44","slug":"contactez-nous","status":"publish","type":"page","link":"https:\/\/rhodamine.com.tr\/fr\/contactez-nous\/","title":{"rendered":"Contactez-nous"},"content":{"rendered":"<section class=\"l-section wpb_row height_auto width_full\"><div class=\"l-section-h i-cf\"><div class=\"g-cols vc_row via_grid cols_1 laptops-cols_inherit tablets-cols_inherit mobiles-cols_1 valign_top type_default stacking_default\"><div class=\"wpb_column vc_column_container\"><div class=\"vc_column-inner\"><div class=\"w-html\"><iframe src=\"https:\/\/www.google.com\/maps\/embed?pb=!1m18!1m12!1m3!1d3124.4806481333408!2d27.17474217634192!3d38.45346347277536!2m3!1f0!2f0!3f0!3m2!1i1024!2i768!4f13.1!3m3!1m2!1s0x14b962a9118a3831%3A0x18423489be8fca33!2sRhodamine!5e0!3m2!1str!2str!4v1762249552846!5m2!1str!2str\" width=\"100%\" height=\"450\" style=\"border:0;\" allowfullscreen=\"\" loading=\"lazy\" referrerpolicy=\"no-referrer-when-downgrade\"><\/iframe><\/div><\/div><\/div><\/div><\/div><\/section><section class=\"l-section wpb_row height_medium\"><div class=\"l-section-h i-cf\"><div class=\"g-cols vc_row via_grid cols_2 laptops-cols_inherit tablets-cols_inherit mobiles-cols_1 valign_top type_default stacking_default\"><div class=\"wpb_column vc_column_container\"><div class=\"vc_column-inner\"><div class=\"wpb_text_column\"><div class=\"wpb_wrapper\"><h2 style=\"text-align: left;\"><strong>Informations de contact<\/strong><\/h2>\n<\/div><\/div><div class=\"w-separator size_small\"><\/div><div class=\"w-contacts\"><div class=\"w-contacts-list\"><div class=\"w-contacts-item for_address\"><span class=\"w-contacts-item-value\">Folkart Towers, Adalet, Manas Blv. No:39 D:3408, 35530 Bayrakl\u0131\/\u0130zmir<\/span><\/div><div class=\"w-contacts-item for_phone\"><span class=\"w-contacts-item-value\">+90 (232) 400 21 02<\/span><\/div><div class=\"w-contacts-item for_email\"><span class=\"w-contacts-item-value\"><a href=\"mailto:info@rhodamine.com.tr\">info@rhodamine.com.tr<\/a><\/span><\/div><\/div><\/div><div class=\"w-separator size_small\"><\/div><div class=\"wpb_text_column\"><div class=\"wpb_wrapper\"><h2 style=\"text-align: left;\"><strong>Informations sur le bureau aux \u00c9tats-Unis<\/strong><\/h2>\n<\/div><\/div><div class=\"w-separator size_small\"><\/div><div class=\"w-contacts us_custom_85abdf68\"><div class=\"w-contacts-list\"><div class=\"w-contacts-item for_address\"><span class=\"w-contacts-item-value\">Rhodamine USA 10123 sweetgrass cir Unit:101 Naples, FL 34104<\/span><\/div><div class=\"w-contacts-item for_phone\"><span class=\"w-contacts-item-value\">+1 (239) 453-9023<\/span><\/div><div class=\"w-contacts-item for_email\"><span class=\"w-contacts-item-value\"><a href=\"mailto:info@rhodamineusa.com\">info@rhodamineusa.com<\/a><\/span><\/div><\/div><\/div><div class=\"w-separator size_small\"><\/div><div class=\"wpb_text_column\"><div class=\"wpb_wrapper\"><div class=\"wpb_text_column\">\n<div class=\"wpb_wrapper\">\n<h2><strong>R\u00e9seaux sociaux<\/strong><\/h2>\n<\/div>\n<\/div>\n<\/div><\/div><div class=\"w-separator size_small\"><\/div><div class=\"w-socials us_custom_ec836a8b color_brand shape_circle style_colored hover_fade\" style=\"--gap:0.7em;\"><div class=\"w-socials-list\"><div class=\"w-socials-item linkedin\"><a class=\"w-socials-item-link\" href=\"https:\/\/www.linkedin.com\/company\/rhodaminepack\" target=\"_blank\" rel=\"noopener nofollow\" title=\"LinkedIn\" aria-label=\"LinkedIn\"><span class=\"w-socials-item-link-hover\"><\/span><i class=\"fab fa-linkedin\"><\/i><\/a><div class=\"w-socials-item-popup\"><span>LinkedIn<\/span><\/div><\/div><\/div><\/div><\/div><\/div><div class=\"wpb_column vc_column_container\"><div class=\"vc_column-inner\"><div class=\"wpb_text_column\"><div class=\"wpb_wrapper\"><h2 style=\"text-align: center;\"><strong>Contactez-nous<\/strong><\/h2>\n<\/div><\/div><div class=\"w-html\">    <form id=\"rhodamine-offer-form\" class=\"rhodamine-offer-form\">\n        <input type=\"text\" name=\"company\" placeholder=\"Nom de l\u2019entreprise *\" required>\n        <input type=\"text\" name=\"fullname\" placeholder=\"Nom et pr\u00e9nom *\" required>\n        <input type=\"email\" name=\"email\" placeholder=\"E-mail *\" required>\n        <input type=\"tel\" name=\"phone\" placeholder=\"T\u00e9l\u00e9phone *\" required>\n\n        <select name=\"product\" required>\n            <option value=\"\">Choisir un produit *<\/option>\n            <optgroup label=\"Encres \u00e0 base de solvants\">\n                <option value=\"Solvent Based Flexo Inks\">Encres flexo \u00e0 base de solvants<\/option>\n                <option value=\"Solvent Based Rotogravure Inks\">Encres h\u00e9liogravure \u00e0 base de solvants<\/option>\n                <option value=\"Solvent Based Lacquers\">Laques \u00e0 base de solvants<\/option>\n            <\/optgroup>\n            <optgroup label=\"Encres \u00e0 base d\u2019eau\">\n                <option value=\"Water Based Inks\">Encres \u00e0 base d\u2019eau<\/option>\n            <\/optgroup>\n            <optgroup label=\"Adh\u00e9sifs de lamination\">\n                <option value=\"Solvent Based Adhesives\">Adh\u00e9sifs \u00e0 base de solvants<\/option>\n                <option value=\"Solventless Adhesives\">Adh\u00e9sifs sans solvant<\/option>\n                <option value=\"Mono Component Adhesives\">Adh\u00e9sifs monocomposants<\/option>\n            <\/optgroup>\n            <optgroup label=\"Encres offset\">\n                <option value=\"Offset Inks\">Encres offset<\/option>\n            <\/optgroup>\n            <optgroup label=\"Laques thermoscellables\">\n                <option value=\"Heat Seal Lacquers\">Laques thermoscellables<\/option>\n            <\/optgroup>\n            <optgroup label=\"Adh\u00e9sifs \u00e0 froid\">\n                <option value=\"Cold Seal Lacquers\">Adh\u00e9sifs \u00e0 froid<\/option>\n            <\/optgroup>\n            <optgroup label=\"Colle pour carton ondul\u00e9\">\n                <option value=\"Corrugated Board Glue\">Colle pour carton ondul\u00e9<\/option>\n            <\/optgroup>\n            <optgroup label=\"Encres textiles et tissus\">\n                <option value=\"Plastisol Inks\">Encres plastisol<\/option>\n                <option value=\"Water Based Textile Inks\">Encres textiles \u00e0 base d\u2019eau<\/option>\n                <option value=\"Digital Sublimation Inks\">Encres de sublimation num\u00e9rique<\/option>\n                <option value=\"Pigment Digital Inks\">Encres pigmentaires num\u00e9riques<\/option>\n                <option value=\"Reactive Digital Inks\">Encres r\u00e9actives num\u00e9riques<\/option>\n                <option value=\"Rotary Printing Inks\">Encres pour impression rotative<\/option>\n            <\/optgroup>\n        <\/select>\n\n        <textarea name=\"message\" placeholder=\"Message *\" required><\/textarea>\n        <button type=\"submit\">Envoyer<\/button>\n        <div class=\"rhodamine-response\"><\/div>\n    <\/form>\n\n    <style>\n    .rhodamine-offer-form {\n        max-width: 500px;\n        margin: 30px auto;\n        display: flex;\n        flex-direction: column;\n        gap: 10px;\n    }\n    .rhodamine-offer-form input,\n    .rhodamine-offer-form select,\n    .rhodamine-offer-form textarea {\n        padding: 12px;\n        border: 1px solid #ccc;\n        border-radius: 6px;\n        font-size: 15px;\n        width: 100%;\n    }\n    .rhodamine-offer-form button {\n        background: #ba0809;\n        color: #fff;\n        border: none;\n        padding: 12px;\n        border-radius: 6px;\n        font-size: 16px;\n        cursor: pointer;\n        transition: background 0.3s;\n    }\n    .rhodamine-offer-form button:hover { background: #8a0607; }\n    <\/style>\n\n    <\/div><\/div><\/div><\/div><\/div><\/section>\n","protected":false},"excerpt":{"rendered":"Informations de contact Folkart Towers, Adalet, Manas Blv. No:39 D:3408, 35530 Bayrakl\u0131\/\u0130zmir+90 (232) 400 21 02info@rhodamine.com.trInformations sur le bureau aux \u00c9tats-Unis Rhodamine USA 10123 sweetgrass cir Unit:101 Naples, FL 34104+1 (239) 453-9023info@rhodamineusa.com R\u00e9seaux sociaux LinkedInContactez-nous Choisir un produit * Encres flexo \u00e0 base de solvants Encres h\u00e9liogravure \u00e0 base de solvants Laques \u00e0 base de...","protected":false},"author":1,"featured_media":0,"parent":0,"menu_order":0,"comment_status":"closed","ping_status":"closed","template":"","meta":{"footnotes":""},"class_list":["post-66","page","type-page","status-publish","hentry"],"_links":{"self":[{"href":"https:\/\/rhodamine.com.tr\/fr\/wp-json\/wp\/v2\/pages\/66","targetHints":{"allow":["GET"]}}],"collection":[{"href":"https:\/\/rhodamine.com.tr\/fr\/wp-json\/wp\/v2\/pages"}],"about":[{"href":"https:\/\/rhodamine.com.tr\/fr\/wp-json\/wp\/v2\/types\/page"}],"author":[{"embeddable":true,"href":"https:\/\/rhodamine.com.tr\/fr\/wp-json\/wp\/v2\/users\/1"}],"replies":[{"embeddable":true,"href":"https:\/\/rhodamine.com.tr\/fr\/wp-json\/wp\/v2\/comments?post=66"}],"version-history":[{"count":26,"href":"https:\/\/rhodamine.com.tr\/fr\/wp-json\/wp\/v2\/pages\/66\/revisions"}],"predecessor-version":[{"id":467,"href":"https:\/\/rhodamine.com.tr\/fr\/wp-json\/wp\/v2\/pages\/66\/revisions\/467"}],"wp:attachment":[{"href":"https:\/\/rhodamine.com.tr\/fr\/wp-json\/wp\/v2\/media?parent=66"}],"curies":[{"name":"wp","href":"https:\/\/api.w.org\/{rel}","templated":true}]}}