{"id":90,"date":"2025-11-04T09:41:00","date_gmt":"2025-11-04T09:41:00","guid":{"rendered":"https:\/\/rhodamine.artikaravan.com\/?page_id=90"},"modified":"2025-12-09T21:27:37","modified_gmt":"2025-12-09T18:27:37","slug":"formulaire-de-contact","status":"publish","type":"page","link":"https:\/\/rhodamine.com.tr\/fr\/formulaire-de-contact\/","title":{"rendered":"Formulaire de contact"},"content":{"rendered":"<section class=\"l-section wpb_row height_medium\"><div class=\"l-section-h i-cf\"><div class=\"g-cols vc_row via_grid cols_1 laptops-cols_inherit tablets-cols_inherit mobiles-cols_1 valign_top type_default stacking_default\"><div class=\"wpb_column vc_column_container\"><div class=\"vc_column-inner\"><div class=\"wpb_text_column\"><div class=\"wpb_wrapper\"><h2 style=\"text-align: center;\">Formulaire de contact<\/h2>\n<\/div><\/div><div class=\"wpb_text_column\"><div class=\"wpb_wrapper\">    <form id=\"rhodamine-offer-form\" class=\"rhodamine-offer-form\">\n        <input type=\"text\" name=\"company\" placeholder=\"Nom de l\u2019entreprise *\" required>\n        <input type=\"text\" name=\"fullname\" placeholder=\"Nom et pr\u00e9nom *\" required>\n        <input type=\"email\" name=\"email\" placeholder=\"E-mail *\" required>\n        <input type=\"tel\" name=\"phone\" placeholder=\"T\u00e9l\u00e9phone *\" required>\n\n        <select name=\"product\" required>\n            <option value=\"\">Choisir un produit *<\/option>\n            <optgroup label=\"Encres \u00e0 base de solvants\">\n                <option value=\"Solvent Based Flexo Inks\">Encres flexo \u00e0 base de solvants<\/option>\n                <option value=\"Solvent Based Rotogravure Inks\">Encres h\u00e9liogravure \u00e0 base de solvants<\/option>\n                <option value=\"Solvent Based Lacquers\">Laques \u00e0 base de solvants<\/option>\n            <\/optgroup>\n            <optgroup label=\"Encres \u00e0 base d\u2019eau\">\n                <option value=\"Water Based Inks\">Encres \u00e0 base d\u2019eau<\/option>\n            <\/optgroup>\n            <optgroup label=\"Adh\u00e9sifs de lamination\">\n                <option value=\"Solvent Based Adhesives\">Adh\u00e9sifs \u00e0 base de solvants<\/option>\n                <option value=\"Solventless Adhesives\">Adh\u00e9sifs sans solvant<\/option>\n                <option value=\"Mono Component Adhesives\">Adh\u00e9sifs monocomposants<\/option>\n            <\/optgroup>\n            <optgroup label=\"Encres offset\">\n                <option value=\"Offset Inks\">Encres offset<\/option>\n            <\/optgroup>\n            <optgroup label=\"Laques thermoscellables\">\n                <option value=\"Heat Seal Lacquers\">Laques thermoscellables<\/option>\n            <\/optgroup>\n            <optgroup label=\"Adh\u00e9sifs \u00e0 froid\">\n                <option value=\"Cold Seal Lacquers\">Adh\u00e9sifs \u00e0 froid<\/option>\n            <\/optgroup>\n            <optgroup label=\"Colle pour carton ondul\u00e9\">\n                <option value=\"Corrugated Board Glue\">Colle pour carton ondul\u00e9<\/option>\n            <\/optgroup>\n            <optgroup label=\"Encres textiles et tissus\">\n                <option value=\"Plastisol Inks\">Encres plastisol<\/option>\n                <option value=\"Water Based Textile Inks\">Encres textiles \u00e0 base d\u2019eau<\/option>\n                <option value=\"Digital Sublimation Inks\">Encres de sublimation num\u00e9rique<\/option>\n                <option value=\"Pigment Digital Inks\">Encres pigmentaires num\u00e9riques<\/option>\n                <option value=\"Reactive Digital Inks\">Encres r\u00e9actives num\u00e9riques<\/option>\n                <option value=\"Rotary Printing Inks\">Encres pour impression rotative<\/option>\n            <\/optgroup>\n        <\/select>\n\n        <textarea name=\"message\" placeholder=\"Message *\" required><\/textarea>\n        <button type=\"submit\">Envoyer<\/button>\n        <div class=\"rhodamine-response\"><\/div>\n    <\/form>\n\n    <style>\n    .rhodamine-offer-form {\n        max-width: 500px;\n        margin: 30px auto;\n        display: flex;\n        flex-direction: column;\n        gap: 10px;\n    }\n    .rhodamine-offer-form input,\n    .rhodamine-offer-form select,\n    .rhodamine-offer-form textarea {\n        padding: 12px;\n        border: 1px solid #ccc;\n        border-radius: 6px;\n        font-size: 15px;\n        width: 100%;\n    }\n    .rhodamine-offer-form button {\n        background: #ba0809;\n        color: #fff;\n        border: none;\n        padding: 12px;\n        border-radius: 6px;\n        font-size: 16px;\n        cursor: pointer;\n        transition: background 0.3s;\n    }\n    .rhodamine-offer-form button:hover { background: #8a0607; }\n    <\/style>\n\n    \n<\/div><\/div><\/div><\/div><\/div><\/div><\/section>\n","protected":false},"excerpt":{"rendered":"Formulaire de contact Choisir un produit * Encres flexo \u00e0 base de solvants Encres h\u00e9liogravure \u00e0 base de solvants Laques \u00e0 base de solvants Encres \u00e0 base d\u2019eau Adh\u00e9sifs \u00e0 base de solvants Adh\u00e9sifs sans solvant Adh\u00e9sifs monocomposants Encres offset Laques thermoscellables Adh\u00e9sifs \u00e0 froid Colle pour carton ondul\u00e9 Encres plastisol Encres textiles \u00e0 base...","protected":false},"author":1,"featured_media":0,"parent":0,"menu_order":0,"comment_status":"closed","ping_status":"closed","template":"","meta":{"footnotes":""},"class_list":["post-90","page","type-page","status-publish","hentry"],"_links":{"self":[{"href":"https:\/\/rhodamine.com.tr\/fr\/wp-json\/wp\/v2\/pages\/90","targetHints":{"allow":["GET"]}}],"collection":[{"href":"https:\/\/rhodamine.com.tr\/fr\/wp-json\/wp\/v2\/pages"}],"about":[{"href":"https:\/\/rhodamine.com.tr\/fr\/wp-json\/wp\/v2\/types\/page"}],"author":[{"embeddable":true,"href":"https:\/\/rhodamine.com.tr\/fr\/wp-json\/wp\/v2\/users\/1"}],"replies":[{"embeddable":true,"href":"https:\/\/rhodamine.com.tr\/fr\/wp-json\/wp\/v2\/comments?post=90"}],"version-history":[{"count":8,"href":"https:\/\/rhodamine.com.tr\/fr\/wp-json\/wp\/v2\/pages\/90\/revisions"}],"predecessor-version":[{"id":375,"href":"https:\/\/rhodamine.com.tr\/fr\/wp-json\/wp\/v2\/pages\/90\/revisions\/375"}],"wp:attachment":[{"href":"https:\/\/rhodamine.com.tr\/fr\/wp-json\/wp\/v2\/media?parent=90"}],"curies":[{"name":"wp","href":"https:\/\/api.w.org\/{rel}","templated":true}]}}