{"id":27,"date":"2025-11-03T20:20:06","date_gmt":"2025-11-03T20:20:06","guid":{"rendered":"https:\/\/rhodamine.artikaravan.com\/?page_id=27"},"modified":"2026-04-15T16:25:57","modified_gmt":"2026-04-15T13:25:57","slug":"glavnaya","status":"publish","type":"page","link":"https:\/\/rhodamine.com.tr\/ru\/","title":{"rendered":"\u0413\u043b\u0430\u0432\u043d\u0430\u044f"},"content":{"rendered":"<section class=\"l-section wpb_row height_auto width_full\"><div class=\"l-section-h i-cf\"><div class=\"g-cols vc_row via_grid cols_1 laptops-cols_inherit tablets-cols_inherit mobiles-cols_1 valign_top type_default stacking_default\"><div class=\"wpb_column vc_column_container\"><div class=\"vc_column-inner\"><div class=\"w-image has_ratio align_none\"><div class=\"w-image-h\"><div style=\"padding-bottom:42.8571%\"><\/div><img loading=\"lazy\" decoding=\"async\" width=\"2560\" height=\"1707\" src=\"https:\/\/rhodamine.com.tr\/ru\/wp-content\/uploads\/2025\/12\/Ana-sayfa-2-scaled-1.jpg\" class=\"attachment-full size-full\" alt=\"\" srcset=\"https:\/\/rhodamine.com.tr\/ru\/wp-content\/uploads\/2025\/12\/Ana-sayfa-2-scaled-1.jpg 2560w, https:\/\/rhodamine.com.tr\/ru\/wp-content\/uploads\/2025\/12\/Ana-sayfa-2-scaled-1-300x200.jpg 300w, https:\/\/rhodamine.com.tr\/ru\/wp-content\/uploads\/2025\/12\/Ana-sayfa-2-scaled-1-1024x683.jpg 1024w\" sizes=\"auto, (max-width: 2560px) 100vw, 2560px\" \/><\/div><\/div><\/div><\/div><\/div><\/div><\/section><section class=\"l-section wpb_row height_small\"><div class=\"l-section-h i-cf\"><div class=\"g-cols vc_row via_grid cols_2 laptops-cols_inherit tablets-cols_inherit mobiles-cols_1 valign_top type_default stacking_default\"><div class=\"wpb_column vc_column_container\"><div class=\"vc_column-inner\"><div class=\"wpb_text_column\"><div class=\"wpb_wrapper\"><h2><strong>\u041e \u043a\u043e\u043c\u043f\u0430\u043d\u0438\u0438 Rhodamine Chemical Inc.<\/strong><\/h2>\n<p>Rhodamine Chemical Inc. \u2014 \u043f\u0440\u043e\u0438\u0437\u0432\u043e\u0434\u0438\u0442\u0435\u043b\u044c \u043a\u0440\u0430\u0441\u043e\u043a \u0434\u043b\u044f \u0433\u0438\u0431\u043a\u043e\u0439 \u0443\u043f\u0430\u043a\u043e\u0432\u043a\u0438, \u043b\u0430\u043c\u0438\u043d\u0430\u0442\u043d\u044b\u0445 \u043a\u043b\u0435\u0435\u0432, cold seal \u0440\u0435\u0448\u0435\u043d\u0438\u0439, \u0442\u0435\u0440\u043c\u043e\u0441\u0432\u0430\u0440\u0438\u0432\u0430\u0435\u043c\u044b\u0445 \u043b\u0430\u043a\u043e\u0432 \u0438 \u043f\u043e\u043a\u0440\u044b\u0442\u0438\u0439 \u0434\u043b\u044f \u043c\u0438\u0440\u043e\u0432\u043e\u0439 \u043f\u0435\u0440\u0435\u0440\u0430\u0431\u0430\u0442\u044b\u0432\u0430\u044e\u0449\u0435\u0439 \u0438\u043d\u0434\u0443\u0441\u0442\u0440\u0438\u0438.<\/p>\n<p>\u041c\u044b \u043f\u0440\u0435\u0434\u043b\u0430\u0433\u0430\u0435\u043c \u0432\u044b\u0441\u043e\u043a\u043e\u044d\u0444\u0444\u0435\u043a\u0442\u0438\u0432\u043d\u044b\u0435 \u0440\u0435\u0448\u0435\u043d\u0438\u044f \u0434\u043b\u044f \u0433\u0438\u0431\u043a\u043e\u0439 \u0443\u043f\u0430\u043a\u043e\u0432\u043a\u0438, \u0440\u0430\u0437\u0440\u0430\u0431\u043e\u0442\u0430\u043d\u043d\u044b\u0435 \u0434\u043b\u044f \u0442\u0430\u043a\u0438\u0445 \u043c\u0430\u0442\u0435\u0440\u0438\u0430\u043b\u043e\u0432, \u043a\u0430\u043a BOPP, PET, BOPA (NY), CPP, PE, \u0430\u043b\u044e\u043c\u0438\u043d\u0438\u0435\u0432\u0430\u044f \u0444\u043e\u043b\u044c\u0433\u0430 \u0438 \u0431\u0443\u043c\u0430\u0433\u0430.<\/p>\n<p>\u041d\u0430\u0448\u0438 \u043f\u0440\u043e\u0434\u0443\u043a\u0442\u044b \u043e\u0431\u0435\u0441\u043f\u0435\u0447\u0438\u0432\u0430\u044e\u0442 \u0432\u044b\u0441\u043e\u043a\u043e\u0435 \u043a\u0430\u0447\u0435\u0441\u0442\u0432\u043e \u043f\u0435\u0447\u0430\u0442\u0438, \u043e\u0442\u043b\u0438\u0447\u043d\u0443\u044e \u0430\u0434\u0433\u0435\u0437\u0438\u044e \u0438 \u043d\u0430\u0434\u0435\u0436\u043d\u044b\u0435 \u0441\u0432\u043e\u0439\u0441\u0442\u0432\u0430 \u0437\u0430\u043f\u0430\u0439\u043a\u0438.<\/p>\n<p>\u0412\u0441\u0435 \u043d\u0430\u0448\u0438 \u043f\u0440\u043e\u0434\u0443\u043a\u0442\u044b \u0440\u0430\u0437\u0440\u0430\u0431\u0430\u0442\u044b\u0432\u0430\u044e\u0442\u0441\u044f \u0432 \u0441\u043e\u043e\u0442\u0432\u0435\u0442\u0441\u0442\u0432\u0438\u0438 \u0441 \u0440\u0435\u0433\u043b\u0430\u043c\u0435\u043d\u0442\u0430\u043c\u0438 \u0415\u0421 \u0438 \u0441\u0442\u0430\u043d\u0434\u0430\u0440\u0442\u0430\u043c\u0438 FDA, \u0443\u0434\u043e\u0432\u043b\u0435\u0442\u0432\u043e\u0440\u044f\u044f \u0442\u0440\u0435\u0431\u043e\u0432\u0430\u043d\u0438\u044f\u043c \u043f\u0438\u0449\u0435\u0432\u043e\u0439 \u0438 \u043d\u0435\u043f\u0438\u0449\u0435\u0432\u043e\u0439 \u0443\u043f\u0430\u043a\u043e\u0432\u043a\u0438 \u0441 \u0430\u043a\u0446\u0435\u043d\u0442\u043e\u043c \u043d\u0430 \u043f\u0440\u043e\u0438\u0437\u0432\u043e\u0434\u0438\u0442\u0435\u043b\u044c\u043d\u043e\u0441\u0442\u044c, \u0441\u0442\u0430\u0431\u0438\u043b\u044c\u043d\u043e\u0441\u0442\u044c \u0438 \u0443\u0441\u0442\u043e\u0439\u0447\u0438\u0432\u043e\u0435 \u0440\u0430\u0437\u0432\u0438\u0442\u0438\u0435.<\/p>\n<p>\u00a0<\/p>\n<\/div><\/div><div class=\"w-separator size_custom\" style=\"height:15px\"><\/div><div class=\"w-btn-wrapper align_none\"><a class=\"w-btn us-btn-style_1\" href=\"\/ru\/o-hac\"><span class=\"w-btn-label\">\u041f\u043e\u0434\u0440\u043e\u0431\u043d\u0435\u0435<\/span><\/a><\/div><\/div><\/div><div class=\"wpb_column vc_column_container\"><div class=\"vc_column-inner\"><div class=\"w-image has_ratio align_none\"><div class=\"w-image-h\"><div style=\"padding-bottom:75%\"><\/div><img loading=\"lazy\" decoding=\"async\" width=\"1600\" height=\"1066\" src=\"https:\/\/rhodamine.com.tr\/ru\/wp-content\/uploads\/2025\/12\/WhatsApp-Image-2025-12-04-at-15.40.09_5f4d6aac.jpg\" class=\"attachment-full size-full\" alt=\"\" srcset=\"https:\/\/rhodamine.com.tr\/ru\/wp-content\/uploads\/2025\/12\/WhatsApp-Image-2025-12-04-at-15.40.09_5f4d6aac.jpg 1600w, https:\/\/rhodamine.com.tr\/ru\/wp-content\/uploads\/2025\/12\/WhatsApp-Image-2025-12-04-at-15.40.09_5f4d6aac-300x200.jpg 300w, https:\/\/rhodamine.com.tr\/ru\/wp-content\/uploads\/2025\/12\/WhatsApp-Image-2025-12-04-at-15.40.09_5f4d6aac-1024x682.jpg 1024w\" sizes=\"auto, (max-width: 1600px) 100vw, 1600px\" \/><\/div><\/div><div class=\"w-separator size_small\"><\/div><div class=\"wpb_text_column\"><div class=\"wpb_wrapper\"><p style=\"text-align: center;\"><strong>\u0412\u0434\u043e\u0445\u043d\u043e\u0432\u043b\u0435\u043d\u043e \u043f\u0440\u0438\u0440\u043e\u0434\u043e\u0439. \u0421\u043e\u0437\u0434\u0430\u043d\u043e \u0434\u043b\u044f \u043f\u0435\u0447\u0430\u0442\u0438.<\/strong><\/p>\n<\/div><\/div><\/div><\/div><\/div><\/div><\/section><section class=\"l-section wpb_row height_small\"><div class=\"l-section-h i-cf\"><div class=\"g-cols vc_row via_grid cols_1 laptops-cols_inherit tablets-cols_inherit mobiles-cols_1 valign_top type_default stacking_default\"><div class=\"wpb_column vc_column_container\"><div class=\"vc_column-inner\"><div class=\"g-cols wpb_row via_grid cols_1 laptops-cols_inherit tablets-cols_inherit mobiles-cols_1 valign_top type_default stacking_default\"><div class=\"wpb_column vc_column_container\"><div class=\"vc_column-inner\"><div class=\"wpb_text_column\"><div class=\"wpb_wrapper\"><h2><strong>\u041d\u0430\u0448\u0438 \u043f\u0440\u043e\u0434\u0443\u043a\u0442\u044b<\/strong><\/h2>\n<\/div><\/div><div class=\"w-separator size_small\"><\/div><\/div><\/div><\/div><div class=\"g-cols wpb_row via_grid cols_4 laptops-cols_inherit tablets-cols_inherit mobiles-cols_2 valign_top type_default stacking_default\" style=\"grid-gap:0.7rem;\"><div class=\"wpb_column vc_column_container\"><div class=\"vc_column-inner\"><div class=\"w-ibanner animation_phorcys ratio_1x1 easing_ease\"><div class=\"w-ibanner-h\"><div class=\"w-ibanner-image\" style=\"background-image: url(https:\/\/rhodamine.com.tr\/ru\/wp-content\/uploads\/2025\/11\/185c.png)\"><\/div><div class=\"w-ibanner-content\"><div class=\"w-ibanner-content-h\"><h5 class=\"w-ibanner-title\">\u0421\u043e\u043b\u044c\u0432\u0435\u043d\u0442\u043d\u044b\u0435 \u043a\u0440\u0430\u0441\u043a\u0438<\/h5><div class=\"w-ibanner-desc\"><\/div><\/div><\/div><\/div><a href=\"https:\/\/rhodamine.com.tr\/ru\/solventnye-kraski\/\" aria-label=\"\u0421\u043e\u043b\u044c\u0432\u0435\u043d\u0442\u043d\u044b\u0435 \u043a\u0440\u0430\u0441\u043a\u0438\"><\/a><\/div><\/div><\/div><div class=\"wpb_column vc_column_container\"><div class=\"vc_column-inner\"><div class=\"w-ibanner animation_phorcys ratio_1x1 easing_ease\"><div class=\"w-ibanner-h\"><div class=\"w-ibanner-image\" style=\"background-image: url(https:\/\/rhodamine.com.tr\/ru\/wp-content\/uploads\/2025\/11\/001489.png)\"><\/div><div class=\"w-ibanner-content\"><div class=\"w-ibanner-content-h\"><h5 class=\"w-ibanner-title\">\u0412\u043e\u0434\u043d\u043e-\u0434\u0438\u0441\u043f\u0435\u0440\u0441\u0438\u043e\u043d\u043d\u044b\u0435 \u043a\u0440\u0430\u0441\u043a\u0438<\/h5><div class=\"w-ibanner-desc\"><\/div><\/div><\/div><\/div><a href=\"https:\/\/rhodamine.com.tr\/ru\/vodno-dispersionnye-kraski\/\" aria-label=\"\u0412\u043e\u0434\u043d\u043e-\u0434\u0438\u0441\u043f\u0435\u0440\u0441\u0438\u043e\u043d\u043d\u044b\u0435 \u043a\u0440\u0430\u0441\u043a\u0438\"><\/a><\/div><\/div><\/div><div class=\"wpb_column vc_column_container\"><div class=\"vc_column-inner\"><div class=\"w-ibanner animation_phorcys ratio_1x1 easing_ease\"><div class=\"w-ibanner-h\"><div class=\"w-ibanner-image\" style=\"background-image: url(https:\/\/rhodamine.com.tr\/ru\/wp-content\/uploads\/2025\/11\/345c-300x300.png)\"><\/div><div class=\"w-ibanner-content\"><div class=\"w-ibanner-content-h\"><h5 class=\"w-ibanner-title\">\u041a\u043b\u0435\u0438 \u0434\u043b\u044f \u043b\u0430\u043c\u0438\u043d\u0430\u0446\u0438\u0438<\/h5><div class=\"w-ibanner-desc\"><\/div><\/div><\/div><\/div><a href=\"https:\/\/rhodamine.com.tr\/ru\/klei-dlya-laminatsii\/\" aria-label=\"\u041a\u043b\u0435\u0438 \u0434\u043b\u044f \u043b\u0430\u043c\u0438\u043d\u0430\u0446\u0438\u0438\"><\/a><\/div><\/div><\/div><div class=\"wpb_column vc_column_container\"><div class=\"vc_column-inner\"><div class=\"w-ibanner animation_phorcys ratio_1x1 easing_ease\"><div class=\"w-ibanner-h\"><div class=\"w-ibanner-image\" style=\"background-image: url(https:\/\/rhodamine.com.tr\/ru\/wp-content\/uploads\/2025\/11\/images-1.jpeg)\"><\/div><div class=\"w-ibanner-content\"><div class=\"w-ibanner-content-h\"><h5 class=\"w-ibanner-title\">\u041e\u0444\u0441\u0435\u0442\u043d\u044b\u0435 \u043a\u0440\u0430\u0441\u043a\u0438<\/h5><div class=\"w-ibanner-desc\"><\/div><\/div><\/div><\/div><a href=\"https:\/\/rhodamine.com.tr\/ru\/ofsetnye-kraski\/\" aria-label=\"\u041e\u0444\u0441\u0435\u0442\u043d\u044b\u0435 \u043a\u0440\u0430\u0441\u043a\u0438\"><\/a><\/div><\/div><\/div><\/div><div class=\"w-separator size_small\"><\/div><div class=\"g-cols wpb_row via_grid cols_4 laptops-cols_inherit tablets-cols_inherit mobiles-cols_2 valign_top type_default stacking_default\" style=\"grid-gap:0.7rem;\"><div class=\"wpb_column vc_column_container\"><div class=\"vc_column-inner\"><div class=\"w-ibanner animation_phorcys ratio_1x1 easing_ease\"><div class=\"w-ibanner-h\"><div class=\"w-ibanner-image\" style=\"background-image: url(https:\/\/rhodamine.com.tr\/ru\/wp-content\/uploads\/2025\/11\/CoolGrey5c.png)\"><\/div><div class=\"w-ibanner-content\"><div class=\"w-ibanner-content-h\"><h5 class=\"w-ibanner-title\">\u0422\u0435\u0440\u043c\u043e\u0441\u0432\u0430\u0440\u043e\u0447\u043d\u044b\u0435 \u043b\u0430\u043a\u0438<\/h5><div class=\"w-ibanner-desc\"><\/div><\/div><\/div><\/div><a href=\"https:\/\/rhodamine.com.tr\/ru\/termosvarochnye-laki\/\" aria-label=\"\u0422\u0435\u0440\u043c\u043e\u0441\u0432\u0430\u0440\u043e\u0447\u043d\u044b\u0435 \u043b\u0430\u043a\u0438\"><\/a><\/div><\/div><\/div><div class=\"wpb_column vc_column_container\"><div class=\"vc_column-inner\"><div class=\"w-ibanner animation_phorcys ratio_1x1 easing_ease\"><div class=\"w-ibanner-h\"><div class=\"w-ibanner-image\" style=\"background-image: url(https:\/\/rhodamine.com.tr\/ru\/wp-content\/uploads\/2025\/11\/550c.png)\"><\/div><div class=\"w-ibanner-content\"><div class=\"w-ibanner-content-h\"><h5 class=\"w-ibanner-title\">\u0425\u043e\u043b\u043e\u0434\u043d\u043e\u0441\u0432\u0430\u0440\u043e\u0447\u043d\u044b\u0435 \u043b\u0430\u043a\u0438<\/h5><div class=\"w-ibanner-desc\"><\/div><\/div><\/div><\/div><a href=\"https:\/\/rhodamine.com.tr\/ru\/holodnosvarochnye-laki\/\" aria-label=\"\u0425\u043e\u043b\u043e\u0434\u043d\u043e\u0441\u0432\u0430\u0440\u043e\u0447\u043d\u044b\u0435 \u043b\u0430\u043a\u0438\"><\/a><\/div><\/div><\/div><div class=\"wpb_column vc_column_container\"><div class=\"vc_column-inner\"><div class=\"w-ibanner animation_phorcys ratio_1x1 easing_ease\"><div class=\"w-ibanner-h\"><div class=\"w-ibanner-image\" style=\"background-image: url(https:\/\/rhodamine.com.tr\/ru\/wp-content\/uploads\/2025\/11\/pantone-color-chip-465-c.jpg)\"><\/div><div class=\"w-ibanner-content\"><div class=\"w-ibanner-content-h\"><h5 class=\"w-ibanner-title\">\u041a\u043b\u0435\u0439 \u0434\u043b\u044f \u0433\u043e\u0444\u0440\u043e\u043a\u0430\u0440\u0442\u043e\u043d\u0430<\/h5><div class=\"w-ibanner-desc\"><\/div><\/div><\/div><\/div><a href=\"https:\/\/rhodamine.com.tr\/ru\/klej-dlya-gofrokartona\/\" aria-label=\"\u041a\u043b\u0435\u0439 \u0434\u043b\u044f \u0433\u043e\u0444\u0440\u043e\u043a\u0430\u0440\u0442\u043e\u043d\u0430\"><\/a><\/div><\/div><\/div><div class=\"wpb_column vc_column_container\"><div class=\"vc_column-inner\"><div class=\"w-ibanner animation_phorcys ratio_1x1 easing_ease\"><div class=\"w-ibanner-h\"><div class=\"w-ibanner-image\" style=\"background-image: url(https:\/\/rhodamine.com.tr\/ru\/wp-content\/uploads\/2025\/11\/pantone-color-chip-black-6-c.jpg)\"><\/div><div class=\"w-ibanner-content\"><div class=\"w-ibanner-content-h\"><h5 class=\"w-ibanner-title\">\u0422\u0435\u043a\u0441\u0442\u0438\u043b\u044c\u043d\u044b\u0435 \u043a\u0440\u0430\u0441\u043a\u0438<\/h5><div class=\"w-ibanner-desc\"><\/div><\/div><\/div><\/div><a href=\"https:\/\/rhodamine.com.tr\/ru\/tekstilnye-kraski\/\" aria-label=\"\u0422\u0435\u043a\u0441\u0442\u0438\u043b\u044c\u043d\u044b\u0435 \u043a\u0440\u0430\u0441\u043a\u0438\"><\/a><\/div><\/div><\/div><\/div><\/div><\/div><\/div><\/div><\/section><section class=\"l-section wpb_row height_medium\"><div class=\"l-section-h i-cf\"><div class=\"g-cols vc_row via_grid cols_1 laptops-cols_inherit tablets-cols_inherit mobiles-cols_1 valign_top type_default stacking_default\"><div class=\"wpb_column vc_column_container\"><div class=\"vc_column-inner\"><div class=\"wpb_text_column\"><div class=\"wpb_wrapper\"><h2><strong>\u041d\u0430\u0448\u0430 \u043a\u043e\u043c\u0430\u043d\u0434\u0430<\/strong><\/h2>\n<\/div><\/div><div class=\"w-separator size_small\"><\/div><div class=\"g-cols wpb_row via_grid cols_2 laptops-cols_inherit tablets-cols_inherit mobiles-cols_1 valign_top type_default stacking_default\"><div class=\"wpb_column vc_column_container\"><div class=\"vc_column-inner\"><div class=\"w-ibanner animation_aphelia ratio_3x4 easing_ease\"><div class=\"w-ibanner-h\"><div class=\"w-ibanner-image\" style=\"background-image: url(https:\/\/rhodamine.com.tr\/ru\/wp-content\/uploads\/2025\/12\/WhatsApp-Image-2025-12-04-at-13.15.10.jpeg)\"><\/div><div class=\"w-ibanner-content\"><div class=\"w-ibanner-content-h\"><h3 class=\"w-ibanner-title\">H\u00fcseyin O\u011fuz Kavakl\u0131<\/h3><div class=\"w-ibanner-desc\"><p>\u0421\u043e\u0443\u0447\u0440\u0435\u0434\u0438\u0442\u0435\u043b\u044c<br \/>\noguz.kavakli@rhodamine.com.tr<br \/>\n\u202a+90 549 790 04 25\u202c<\/p>\n<\/div><\/div><\/div><\/div><a href=\"mailto:oguz.kavakli@rhodamine.com.tr\" aria-label=\"H\u00fcseyin O\u011fuz Kavakl\u0131\"><\/a><\/div><\/div><\/div><div class=\"wpb_column vc_column_container\"><div class=\"vc_column-inner\"><div class=\"w-ibanner animation_aphelia ratio_3x4 easing_ease\"><div class=\"w-ibanner-h\"><div class=\"w-ibanner-image\" style=\"background-image: url(https:\/\/rhodamine.com.tr\/ru\/wp-content\/uploads\/2025\/12\/ata-tuzunsoy-bio.jpg)\"><\/div><div class=\"w-ibanner-content\"><div class=\"w-ibanner-content-h\"><h3 class=\"w-ibanner-title\">Ata T\u00fcz\u00fcnsoy<\/h3><div class=\"w-ibanner-desc\"><p>\u0421\u043e\u0443\u0447\u0440\u0435\u0434\u0438\u0442\u0435\u043b\u044c<br \/>\nata.tuzunsoy@rhodamine.com.tr<br \/>\n+90 532 300 17 16<\/p>\n<\/div><\/div><\/div><\/div><a href=\"mailto:ata.tuzunsoy@rhodamine.com.tr\" aria-label=\"Ata T\u00fcz\u00fcnsoy\"><\/a><\/div><\/div><\/div><\/div><\/div><\/div><\/div><\/div><\/section>\n","protected":false},"excerpt":{"rendered":"\u041e \u043a\u043e\u043c\u043f\u0430\u043d\u0438\u0438 Rhodamine Chemical Inc. Rhodamine Chemical Inc. \u2014 \u043f\u0440\u043e\u0438\u0437\u0432\u043e\u0434\u0438\u0442\u0435\u043b\u044c \u043a\u0440\u0430\u0441\u043e\u043a \u0434\u043b\u044f \u0433\u0438\u0431\u043a\u043e\u0439 \u0443\u043f\u0430\u043a\u043e\u0432\u043a\u0438, \u043b\u0430\u043c\u0438\u043d\u0430\u0442\u043d\u044b\u0445 \u043a\u043b\u0435\u0435\u0432, cold seal \u0440\u0435\u0448\u0435\u043d\u0438\u0439, \u0442\u0435\u0440\u043c\u043e\u0441\u0432\u0430\u0440\u0438\u0432\u0430\u0435\u043c\u044b\u0445 \u043b\u0430\u043a\u043e\u0432 \u0438 \u043f\u043e\u043a\u0440\u044b\u0442\u0438\u0439 \u0434\u043b\u044f \u043c\u0438\u0440\u043e\u0432\u043e\u0439 \u043f\u0435\u0440\u0435\u0440\u0430\u0431\u0430\u0442\u044b\u0432\u0430\u044e\u0449\u0435\u0439 \u0438\u043d\u0434\u0443\u0441\u0442\u0440\u0438\u0438. \u041c\u044b \u043f\u0440\u0435\u0434\u043b\u0430\u0433\u0430\u0435\u043c \u0432\u044b\u0441\u043e\u043a\u043e\u044d\u0444\u0444\u0435\u043a\u0442\u0438\u0432\u043d\u044b\u0435 \u0440\u0435\u0448\u0435\u043d\u0438\u044f \u0434\u043b\u044f \u0433\u0438\u0431\u043a\u043e\u0439 \u0443\u043f\u0430\u043a\u043e\u0432\u043a\u0438, \u0440\u0430\u0437\u0440\u0430\u0431\u043e\u0442\u0430\u043d\u043d\u044b\u0435 \u0434\u043b\u044f \u0442\u0430\u043a\u0438\u0445 \u043c\u0430\u0442\u0435\u0440\u0438\u0430\u043b\u043e\u0432, \u043a\u0430\u043a BOPP, PET, BOPA (NY), CPP, PE, \u0430\u043b\u044e\u043c\u0438\u043d\u0438\u0435\u0432\u0430\u044f \u0444\u043e\u043b\u044c\u0433\u0430 \u0438 \u0431\u0443\u043c\u0430\u0433\u0430. \u041d\u0430\u0448\u0438 \u043f\u0440\u043e\u0434\u0443\u043a\u0442\u044b \u043e\u0431\u0435\u0441\u043f\u0435\u0447\u0438\u0432\u0430\u044e\u0442 \u0432\u044b\u0441\u043e\u043a\u043e\u0435 \u043a\u0430\u0447\u0435\u0441\u0442\u0432\u043e \u043f\u0435\u0447\u0430\u0442\u0438,...","protected":false},"author":1,"featured_media":0,"parent":0,"menu_order":0,"comment_status":"closed","ping_status":"closed","template":"","meta":{"footnotes":""},"class_list":["post-27","page","type-page","status-publish","hentry"],"_links":{"self":[{"href":"https:\/\/rhodamine.com.tr\/ru\/wp-json\/wp\/v2\/pages\/27","targetHints":{"allow":["GET"]}}],"collection":[{"href":"https:\/\/rhodamine.com.tr\/ru\/wp-json\/wp\/v2\/pages"}],"about":[{"href":"https:\/\/rhodamine.com.tr\/ru\/wp-json\/wp\/v2\/types\/page"}],"author":[{"embeddable":true,"href":"https:\/\/rhodamine.com.tr\/ru\/wp-json\/wp\/v2\/users\/1"}],"replies":[{"embeddable":true,"href":"https:\/\/rhodamine.com.tr\/ru\/wp-json\/wp\/v2\/comments?post=27"}],"version-history":[{"count":52,"href":"https:\/\/rhodamine.com.tr\/ru\/wp-json\/wp\/v2\/pages\/27\/revisions"}],"predecessor-version":[{"id":470,"href":"https:\/\/rhodamine.com.tr\/ru\/wp-json\/wp\/v2\/pages\/27\/revisions\/470"}],"wp:attachment":[{"href":"https:\/\/rhodamine.com.tr\/ru\/wp-json\/wp\/v2\/media?parent=27"}],"curies":[{"name":"wp","href":"https:\/\/api.w.org\/{rel}","templated":true}]}}